{"id":561,"date":"2022-11-10T09:11:21","date_gmt":"2022-11-10T09:11:21","guid":{"rendered":"https:\/\/clinicaduarteportas.pt\/?page_id=561"},"modified":"2023-02-11T18:28:05","modified_gmt":"2023-02-11T18:28:05","slug":"quiropratica-dnft","status":"publish","type":"page","link":"https:\/\/clinicaduarteportas.pt\/en\/quiropratica-dnft\/","title":{"rendered":"Directional non-force technique"},"content":{"rendered":"<div data-elementor-type=\"wp-page\" data-elementor-id=\"561\" class=\"elementor elementor-561\">\n\t\t\t\t\t\t<section class=\"elementor-section elementor-top-section elementor-element elementor-element-63dc1bf elementor-section-boxed elementor-section-height-default elementor-section-height-default\" data-id=\"63dc1bf\" data-element_type=\"section\">\n\t\t\t\t\t\t<div class=\"elementor-container elementor-column-gap-default\">\n\t\t\t\t\t<div class=\"elementor-column elementor-col-100 elementor-top-column elementor-element elementor-element-611da54\" data-id=\"611da54\" data-element_type=\"column\">\n\t\t\t<div class=\"elementor-widget-wrap elementor-element-populated\">\n\t\t\t\t\t\t<div class=\"elementor-element elementor-element-834b619 elementor-widget elementor-widget-heading\" data-id=\"834b619\" data-element_type=\"widget\" data-widget_type=\"heading.default\">\n\t\t\t\t<div class=\"elementor-widget-container\">\n\t\t\t\t\t<h1 class=\"elementor-heading-title elementor-size-default\">D.N.F.T.\u00ae - DIrectional non-force Technique<\/h1>\t\t\t\t<\/div>\n\t\t\t\t<\/div>\n\t\t\t\t\t<\/div>\n\t\t<\/div>\n\t\t\t\t\t<\/div>\n\t\t<\/section>\n\t\t\t\t<section class=\"elementor-section elementor-top-section elementor-element elementor-element-bde49f0 elementor-section-boxed elementor-section-height-default elementor-section-height-default\" data-id=\"bde49f0\" data-element_type=\"section\">\n\t\t\t\t\t\t<div class=\"elementor-container elementor-column-gap-default\">\n\t\t\t\t\t<div class=\"elementor-column elementor-col-66 elementor-top-column elementor-element elementor-element-9b9ee1c\" data-id=\"9b9ee1c\" data-element_type=\"column\">\n\t\t\t<div class=\"elementor-widget-wrap elementor-element-populated\">\n\t\t\t\t\t\t<div class=\"elementor-element elementor-element-eb2267a elementor-widget elementor-widget-text-editor\" data-id=\"eb2267a\" data-element_type=\"widget\" data-widget_type=\"text-editor.default\">\n\t\t\t\t<div class=\"elementor-widget-container\">\n\t\t\t\t\t\t\t\t\t<p style=\"font-variant-ligatures: normal; font-variant-caps: normal; font-family: Merriweather; font-size: 15px; font-style: normal; font-weight: 400;\"><span style=\"font-size: 15px;\">When talking about chiropractic, most patients automatically think of the \"pops\" that are often associated with chiropractic adjustments. The technique we refer to here is the Diversified Technique, and it is one of the most commonly used.&nbsp;<\/span><span style=\"font-size: 15px;\">This technique corrects imbalances and dysfunctions in the vertebrae by applying specific, fast, low-amplitude pulses. These impulses often result in the release of air from the synovial fluid - the fluid that surrounds our joints - which results in the \"pop\" we hear during the adjustment.<\/span><\/p>\n<p style=\"font-variant-ligatures: normal; font-variant-caps: normal; font-family: Merriweather; font-size: 15px; font-style: normal; font-weight: 400;\"><span style=\"font-variant-ligatures: normal; font-variant-caps: normal; font-family: Merriweather; font-size: 15px; font-style: normal; font-weight: 400;\">There are, however, many other chiropractic techniques. Since chiropractic was introduced to the world of healthcare over 100 years ago, new techniques have been emerging in an attempt to produce even better and longer lasting results.<\/span><\/p>\t\t\t\t\t\t\t\t<\/div>\n\t\t\t\t<\/div>\n\t\t\t\t\t<\/div>\n\t\t<\/div>\n\t\t\t\t<div class=\"elementor-column elementor-col-33 elementor-top-column elementor-element elementor-element-57d6008\" data-id=\"57d6008\" data-element_type=\"column\">\n\t\t\t<div class=\"elementor-widget-wrap elementor-element-populated\">\n\t\t\t\t\t\t<div class=\"elementor-element elementor-element-a43c03f elementor-widget elementor-widget-image\" data-id=\"a43c03f\" data-element_type=\"widget\" data-widget_type=\"image.default\">\n\t\t\t\t<div class=\"elementor-widget-container\">\n\t\t\t\t\t\t\t\t\t\t\t\t\t\t\t<img fetchpriority=\"high\" decoding=\"async\" width=\"1024\" height=\"768\" src=\"https:\/\/clinicaduarteportas.pt\/wp-content\/uploads\/2023\/02\/quiropratica-dnft-1024x768.jpg\" class=\"attachment-large size-large wp-image-3496 no-lazyload\" alt=\"Ajuste quiropr\u00e1tico utilizando a t\u00e9cnica DNFT - Directional non-force technique\" srcset=\"https:\/\/clinicaduarteportas.pt\/wp-content\/uploads\/2023\/02\/quiropratica-dnft-1024x768.jpg 1024w, https:\/\/clinicaduarteportas.pt\/wp-content\/uploads\/2023\/02\/quiropratica-dnft-300x225.jpg 300w, https:\/\/clinicaduarteportas.pt\/wp-content\/uploads\/2023\/02\/quiropratica-dnft-768x576.jpg 768w, https:\/\/clinicaduarteportas.pt\/wp-content\/uploads\/2023\/02\/quiropratica-dnft-1536x1152.jpg 1536w, https:\/\/clinicaduarteportas.pt\/wp-content\/uploads\/2023\/02\/quiropratica-dnft-16x12.jpg 16w, https:\/\/clinicaduarteportas.pt\/wp-content\/uploads\/2023\/02\/quiropratica-dnft.jpg 1920w\" sizes=\"(max-width: 1024px) 100vw, 1024px\" \/>\t\t\t\t\t\t\t\t\t\t\t\t\t\t\t<\/div>\n\t\t\t\t<\/div>\n\t\t\t\t\t<\/div>\n\t\t<\/div>\n\t\t\t\t\t<\/div>\n\t\t<\/section>\n\t\t\t\t<section class=\"elementor-section elementor-top-section elementor-element elementor-element-298d528 elementor-section-boxed elementor-section-height-default elementor-section-height-default\" data-id=\"298d528\" data-element_type=\"section\">\n\t\t\t\t\t\t<div class=\"elementor-container elementor-column-gap-default\">\n\t\t\t\t\t<div class=\"elementor-column elementor-col-50 elementor-top-column elementor-element elementor-element-11710d1\" data-id=\"11710d1\" data-element_type=\"column\">\n\t\t\t<div class=\"elementor-widget-wrap elementor-element-populated\">\n\t\t\t\t\t\t<div class=\"elementor-element elementor-element-77d8bca elementor-widget elementor-widget-text-editor\" data-id=\"77d8bca\" data-element_type=\"widget\" data-widget_type=\"text-editor.default\">\n\t\t\t\t<div class=\"elementor-widget-container\">\n\t\t\t\t\t\t\t\t\t<p style=\"font-variant-ligatures: normal; font-variant-caps: normal; font-family: Merriweather; font-size: 15px; font-style: normal; font-weight: 400;\"><span style=\"font-variant-ligatures: normal; font-variant-caps: normal; font-family: Merriweather; font-size: 15px; font-style: normal; font-weight: 400;\">D.N.F.T.\u00ae &#8211;\u00a0<\/span><span style=\"font-size: 15px;\">Directional Non-Force Technique is the original low force chiropractic method. This technique uses a unique system of<\/span><span style=\"font-size: 15px;\">\u00a0analysis and correction of subluxations.<\/span><\/p><p style=\"font-variant-ligatures: normal; font-variant-caps: normal; font-family: Merriweather; font-size: 15px; font-style: normal; font-weight: 400;\"><span style=\"font-size: 15px;\">First, a small touch test is performed on the vertebra, followed by the\u00a0<\/span><span style=\"font-variant-ligatures: normal; font-variant-caps: normal; font-family: Merriweather; font-size: 15px; font-style: normal; font-weight: 400;\">D.N.F.T.\u00ae Reactive Leg Reflex\u2122 check, which, by testing the body's reaction, allows the chiropractor to see if there is a misalignment causing nerve interference - a subluxation. If a subluxation exists, the correction is made using a gentle, directionally specific impulse that allows the structure to realign.<\/span><\/p><p style=\"font-variant-ligatures: normal; font-variant-caps: normal; font-family: Merriweather; font-size: 15px; font-style: normal; font-weight: 400;\"><span style=\"font-size: 15px;\">The intention of the\u00a0<\/span><span style=\"font-variant-ligatures: normal; font-variant-caps: normal; font-family: Merriweather; font-size: 15px; font-style: normal; font-weight: 400;\">D.N.F.T.\u00ae<\/span><span style=\"font-size: 15px;\">\u00a0method is to provide maximum and lasting relief in an extremely gentle way and thereby also reduce the number of initial visits and frequency of follow-up.<\/span><\/p>\t\t\t\t\t\t\t\t<\/div>\n\t\t\t\t<\/div>\n\t\t\t\t\t<\/div>\n\t\t<\/div>\n\t\t\t\t<div class=\"elementor-column elementor-col-50 elementor-top-column elementor-element elementor-element-a594c11\" data-id=\"a594c11\" data-element_type=\"column\">\n\t\t\t<div class=\"elementor-widget-wrap elementor-element-populated\">\n\t\t\t\t\t\t<div class=\"elementor-element elementor-element-ed77781 elementor-widget elementor-widget-image\" data-id=\"ed77781\" data-element_type=\"widget\" data-widget_type=\"image.default\">\n\t\t\t\t<div class=\"elementor-widget-container\">\n\t\t\t\t\t\t\t\t\t\t\t\t\t\t\t<img decoding=\"async\" width=\"1024\" height=\"768\" src=\"https:\/\/clinicaduarteportas.pt\/wp-content\/uploads\/2023\/02\/quiropratica-dnft-2-1024x768.jpg\" class=\"attachment-large size-large wp-image-3497 no-lazyload\" alt=\"Quiropr\u00e1tica com t\u00e9cnica DNFT - Directional non-force technique por quiroprata especializado\" srcset=\"https:\/\/clinicaduarteportas.pt\/wp-content\/uploads\/2023\/02\/quiropratica-dnft-2-1024x768.jpg 1024w, https:\/\/clinicaduarteportas.pt\/wp-content\/uploads\/2023\/02\/quiropratica-dnft-2-300x225.jpg 300w, https:\/\/clinicaduarteportas.pt\/wp-content\/uploads\/2023\/02\/quiropratica-dnft-2-768x576.jpg 768w, https:\/\/clinicaduarteportas.pt\/wp-content\/uploads\/2023\/02\/quiropratica-dnft-2-1536x1152.jpg 1536w, https:\/\/clinicaduarteportas.pt\/wp-content\/uploads\/2023\/02\/quiropratica-dnft-2-16x12.jpg 16w, https:\/\/clinicaduarteportas.pt\/wp-content\/uploads\/2023\/02\/quiropratica-dnft-2.jpg 1920w\" sizes=\"(max-width: 1024px) 100vw, 1024px\" \/>\t\t\t\t\t\t\t\t\t\t\t\t\t\t\t<\/div>\n\t\t\t\t<\/div>\n\t\t\t\t\t<\/div>\n\t\t<\/div>\n\t\t\t\t\t<\/div>\n\t\t<\/section>\n\t\t\t\t<section class=\"elementor-section elementor-top-section elementor-element elementor-element-faa4aa9 elementor-section-boxed elementor-section-height-default elementor-section-height-default\" data-id=\"faa4aa9\" data-element_type=\"section\">\n\t\t\t\t\t\t<div class=\"elementor-container elementor-column-gap-default\">\n\t\t\t\t\t<div class=\"elementor-column elementor-col-100 elementor-top-column elementor-element elementor-element-4cea94e\" data-id=\"4cea94e\" data-element_type=\"column\">\n\t\t\t<div class=\"elementor-widget-wrap elementor-element-populated\">\n\t\t\t\t\t\t<div class=\"elementor-element elementor-element-c5478eb elementor-widget elementor-widget-text-editor\" data-id=\"c5478eb\" data-element_type=\"widget\" data-widget_type=\"text-editor.default\">\n\t\t\t\t<div class=\"elementor-widget-container\">\n\t\t\t\t\t\t\t\t\t<p><span style=\"font-size: 15px;\">We are all different, and it is therefore essential that chiropractic treatment is customized to each patient. For this reason, at\u00a0<\/span><span style=\"font-size: 15px;\">Duarte Portas Chiropractic Clinic, we use both techniques described above, always adapting according to the needs of each patient.<\/span><\/p><p>\u00a0<\/p>\t\t\t\t\t\t\t\t<\/div>\n\t\t\t\t<\/div>\n\t\t\t\t\t<\/div>\n\t\t<\/div>\n\t\t\t\t\t<\/div>\n\t\t<\/section>\n\t\t\t\t<\/div>","protected":false},"excerpt":{"rendered":"<p>D.N.F.T.\u00ae &#8211; DIrectional non-force Technique Quando se fala em quiropr\u00e1tica, a maioria dos pacientes automaticamente pensa nos &#8220;estalos&#8221;que s\u00e3o frequentemente associados aos ajustes quiropr\u00e1ticos. A t\u00e9cnica a que nos referimos aqui \u00e9 a T\u00e9cnica Diversificada e \u00e9 uma das mais utilizadas.&nbsp;Esta t\u00e9cnica corrige desiquil\u00edbrios e disfun\u00e7\u00f5es nas v\u00e9rtebras atrav\u00e9s da aplica\u00e7\u00e3o de impulsos espec\u00edficos, r\u00e1pidos [&hellip;]<\/p>","protected":false},"author":1,"featured_media":0,"parent":0,"menu_order":0,"comment_status":"closed","ping_status":"closed","template":"elementor_header_footer","meta":{"_monsterinsights_skip_tracking":false,"_monsterinsights_sitenote_active":false,"_monsterinsights_sitenote_note":"","_monsterinsights_sitenote_category":0,"ocean_post_layout":"full-screen","ocean_both_sidebars_style":"","ocean_both_sidebars_content_width":0,"ocean_both_sidebars_sidebars_width":0,"ocean_sidebar":"0","ocean_second_sidebar":"0","ocean_disable_margins":"enable","ocean_add_body_class":"","ocean_shortcode_before_top_bar":"","ocean_shortcode_after_top_bar":"","ocean_shortcode_before_header":"","ocean_shortcode_after_header":"","ocean_has_shortcode":"","ocean_shortcode_after_title":"","ocean_shortcode_before_footer_widgets":"","ocean_shortcode_after_footer_widgets":"","ocean_shortcode_before_footer_bottom":"","ocean_shortcode_after_footer_bottom":"","ocean_display_top_bar":"default","ocean_display_header":"default","ocean_header_style":"","ocean_center_header_left_menu":"0","ocean_custom_header_template":"0","ocean_custom_logo":0,"ocean_custom_retina_logo":0,"ocean_custom_logo_max_width":0,"ocean_custom_logo_tablet_max_width":0,"ocean_custom_logo_mobile_max_width":0,"ocean_custom_logo_max_height":0,"ocean_custom_logo_tablet_max_height":0,"ocean_custom_logo_mobile_max_height":0,"ocean_header_custom_menu":"0","ocean_menu_typo_font_family":"0","ocean_menu_typo_font_subset":"","ocean_menu_typo_font_size":0,"ocean_menu_typo_font_size_tablet":0,"ocean_menu_typo_font_size_mobile":0,"ocean_menu_typo_font_size_unit":"px","ocean_menu_typo_font_weight":"","ocean_menu_typo_font_weight_tablet":"","ocean_menu_typo_font_weight_mobile":"","ocean_menu_typo_transform":"","ocean_menu_typo_transform_tablet":"","ocean_menu_typo_transform_mobile":"","ocean_menu_typo_line_height":0,"ocean_menu_typo_line_height_tablet":0,"ocean_menu_typo_line_height_mobile":0,"ocean_menu_typo_line_height_unit":"","ocean_menu_typo_spacing":0,"ocean_menu_typo_spacing_tablet":0,"ocean_menu_typo_spacing_mobile":0,"ocean_menu_typo_spacing_unit":"","ocean_menu_link_color":"","ocean_menu_link_color_hover":"","ocean_menu_link_color_active":"","ocean_menu_link_background":"","ocean_menu_link_hover_background":"","ocean_menu_link_active_background":"","ocean_menu_social_links_bg":"","ocean_menu_social_hover_links_bg":"","ocean_menu_social_links_color":"","ocean_menu_social_hover_links_color":"","ocean_disable_title":"on","ocean_disable_heading":"default","ocean_post_title":"","ocean_post_subheading":"","ocean_post_title_style":"background-image","ocean_post_title_background_color":"","ocean_post_title_background":389,"ocean_post_title_bg_image_position":"","ocean_post_title_bg_image_attachment":"","ocean_post_title_bg_image_repeat":"","ocean_post_title_bg_image_size":"","ocean_post_title_height":0,"ocean_post_title_bg_overlay":0.5,"ocean_post_title_bg_overlay_color":"","ocean_disable_breadcrumbs":"default","ocean_breadcrumbs_color":"","ocean_breadcrumbs_separator_color":"","ocean_breadcrumbs_links_color":"","ocean_breadcrumbs_links_hover_color":"","ocean_display_footer_widgets":"default","ocean_display_footer_bottom":"default","ocean_custom_footer_template":"0","footnotes":""},"class_list":["post-561","page","type-page","status-publish","hentry","entry"],"aioseo_notices":[],"_links":{"self":[{"href":"https:\/\/clinicaduarteportas.pt\/en\/wp-json\/wp\/v2\/pages\/561","targetHints":{"allow":["GET"]}}],"collection":[{"href":"https:\/\/clinicaduarteportas.pt\/en\/wp-json\/wp\/v2\/pages"}],"about":[{"href":"https:\/\/clinicaduarteportas.pt\/en\/wp-json\/wp\/v2\/types\/page"}],"author":[{"embeddable":true,"href":"https:\/\/clinicaduarteportas.pt\/en\/wp-json\/wp\/v2\/users\/1"}],"replies":[{"embeddable":true,"href":"https:\/\/clinicaduarteportas.pt\/en\/wp-json\/wp\/v2\/comments?post=561"}],"version-history":[{"count":0,"href":"https:\/\/clinicaduarteportas.pt\/en\/wp-json\/wp\/v2\/pages\/561\/revisions"}],"wp:attachment":[{"href":"https:\/\/clinicaduarteportas.pt\/en\/wp-json\/wp\/v2\/media?parent=561"}],"curies":[{"name":"wp","href":"https:\/\/api.w.org\/{rel}","templated":true}]}}