{"id":554,"date":"2022-11-10T09:08:26","date_gmt":"2022-11-10T09:08:26","guid":{"rendered":"https:\/\/clinicaduarteportas.pt\/?page_id=554"},"modified":"2023-02-13T11:30:31","modified_gmt":"2023-02-13T11:30:31","slug":"quiropratica-duarte-portas","status":"publish","type":"page","link":"https:\/\/clinicaduarteportas.pt\/en\/quiropratica-duarte-portas\/","title":{"rendered":"Dr Duarte Portas"},"content":{"rendered":"<div data-elementor-type=\"wp-page\" data-elementor-id=\"554\" class=\"elementor elementor-554\">\n\t\t\t\t\t\t<section class=\"elementor-section elementor-top-section elementor-element elementor-element-f2a9cf0 elementor-section-boxed elementor-section-height-default elementor-section-height-default\" data-id=\"f2a9cf0\" data-element_type=\"section\">\n\t\t\t\t\t\t<div class=\"elementor-container elementor-column-gap-default\">\n\t\t\t\t\t<div class=\"elementor-column elementor-col-100 elementor-top-column elementor-element elementor-element-559bcda\" data-id=\"559bcda\" data-element_type=\"column\">\n\t\t\t<div class=\"elementor-widget-wrap elementor-element-populated\">\n\t\t\t\t\t\t<div class=\"elementor-element elementor-element-1cd44c6 elementor-widget elementor-widget-heading\" data-id=\"1cd44c6\" data-element_type=\"widget\" data-widget_type=\"heading.default\">\n\t\t\t\t<div class=\"elementor-widget-container\">\n\t\t\t\t\t<h1 class=\"elementor-heading-title elementor-size-default\">Dr Duarte Portas<\/h1>\t\t\t\t<\/div>\n\t\t\t\t<\/div>\n\t\t\t\t\t<\/div>\n\t\t<\/div>\n\t\t\t\t\t<\/div>\n\t\t<\/section>\n\t\t\t\t<section class=\"elementor-section elementor-top-section elementor-element elementor-element-b4f9db8 elementor-reverse-mobile elementor-section-boxed elementor-section-height-default elementor-section-height-default\" data-id=\"b4f9db8\" data-element_type=\"section\">\n\t\t\t\t\t\t<div class=\"elementor-container elementor-column-gap-default\">\n\t\t\t\t\t<div class=\"elementor-column elementor-col-66 elementor-top-column elementor-element elementor-element-2772665\" data-id=\"2772665\" data-element_type=\"column\">\n\t\t\t<div class=\"elementor-widget-wrap elementor-element-populated\">\n\t\t\t\t\t\t<div class=\"elementor-element elementor-element-388b71f elementor-widget elementor-widget-text-editor\" data-id=\"388b71f\" data-element_type=\"widget\" data-widget_type=\"text-editor.default\">\n\t\t\t\t<div class=\"elementor-widget-container\">\n\t\t\t\t\t\t\t\t\t<p>Hi. My name is Duarte Portas and I have been a chiropractor since 2015, graduated from the university Madrid College of Chiropractic (MCC).<\/p><p>Before graduating in chiropractic, I graduated in Management from Lisbon School of Economics &amp; Management (ISEG). During this period, I used to accompany my mother for back treatments due to a chronic problem, and it was there that I had my first contact with chiropractic. As I realized the potential and benefits of chiropractic on the human body, my passion was born. I then decided to completely redirect my career and after finishing my degree, I headed to Spain, where I stayed for 5 years to get my chiropractic degree.<\/p><p>After graduating in 2015, I practiced at Bonneterre Chiropractic Clinic (Hondarribia, Spain), before returning to Portugal in 2016 and opening<span style=\"font-size: 15px;\">\u00a0<\/span><span style=\"font-family: Merriweather; font-size: 15px; font-style: normal; font-variant-ligatures: normal; font-variant-caps: normal;\"><b>Duarte Portas Chiropractic Clinic<\/b><\/span><span style=\"font-family: Merriweather; font-size: 15px; font-style: normal; font-variant-ligatures: normal; font-variant-caps: normal; font-weight: 400;\">.<\/span><\/p><p>\u00a0<\/p><p><span style=\"font-family: Merriweather; font-size: 15px; font-style: normal; font-variant-ligatures: normal; font-variant-caps: normal; font-weight: 400;\"> I constantly seek to prepare myself for clinical practice with the greatest knowledge and sensitivity needed for health care. To this end, I often deepen my knowledge through training and sharing with my colleagues. I specialized in <\/span><a style=\"font-size: 15px; background-color: #ffffff;\" href=\"https:\/\/clinicaduarteportas.pt\/en\/quiropratica-dnft\/\"><u><span style=\"font-variant-ligatures: normal; font-variant-caps: normal; font-family: Merriweather; font-size: 15px; font-style: normal; font-weight: 400;\">D.N.F.T.\u00ae \u2013\u00a0<\/span><span style=\"font-variant-ligatures: normal; font-variant-caps: normal; font-family: Merriweather; font-size: 15px; font-style: normal; font-weight: 400;\">Directional Non-Force Technique <\/span><\/u><\/a>and I use it as my main tool, while also using other techniques, always adapting according to the specificities and needs of each patient.\u00a0<\/p><p>I am also part of the board of directors of the <a style=\"font-family: Merriweather; font-size: 15px;\" href=\"https:\/\/quiropratica.org\/\" target=\"_blank\" rel=\"noopener\"><u>Portuguese Chiropractors Association<\/u><\/a><span style=\"font-family: Merriweather; font-size: 15px;\">, responsible for representing chiropractic in Portugal.<\/span><\/p><p>\u00a0<\/p><p>I am passionate about what I do and feel privileged to have the opportunity to help improve the lives of my patients.\u00a0\u00a0<\/p><p>I currently practice, through Duarte Portas Chiropractic Clinic, in the areas of Lisbon and Beira Alta (Soito).<\/p><p>\u00a0<\/p><p>Professional credential: C-00061.<\/p>\t\t\t\t\t\t\t\t<\/div>\n\t\t\t\t<\/div>\n\t\t\t\t\t<\/div>\n\t\t<\/div>\n\t\t\t\t<div class=\"elementor-column elementor-col-33 elementor-top-column elementor-element elementor-element-2b18d4d\" data-id=\"2b18d4d\" data-element_type=\"column\">\n\t\t\t<div class=\"elementor-widget-wrap elementor-element-populated\">\n\t\t\t\t\t\t<div class=\"elementor-element elementor-element-d03dde8 elementor-widget elementor-widget-image\" data-id=\"d03dde8\" data-element_type=\"widget\" data-widget_type=\"image.default\">\n\t\t\t\t<div class=\"elementor-widget-container\">\n\t\t\t\t\t\t\t\t\t\t\t\t\t\t\t<img fetchpriority=\"high\" decoding=\"async\" width=\"768\" height=\"1024\" src=\"https:\/\/clinicaduarteportas.pt\/wp-content\/uploads\/2023\/02\/duarte-portas-quiropratico-768x1024.jpg\" class=\"attachment-large size-large wp-image-3483 no-lazyload\" alt=\"Quiropratico (quiroprata) Dr Duarte Portas\" srcset=\"https:\/\/clinicaduarteportas.pt\/wp-content\/uploads\/2023\/02\/duarte-portas-quiropratico-768x1024.jpg 768w, https:\/\/clinicaduarteportas.pt\/wp-content\/uploads\/2023\/02\/duarte-portas-quiropratico-225x300.jpg 225w, https:\/\/clinicaduarteportas.pt\/wp-content\/uploads\/2023\/02\/duarte-portas-quiropratico-9x12.jpg 9w, https:\/\/clinicaduarteportas.pt\/wp-content\/uploads\/2023\/02\/duarte-portas-quiropratico.jpg 1152w\" sizes=\"(max-width: 768px) 100vw, 768px\" \/>\t\t\t\t\t\t\t\t\t\t\t\t\t\t\t<\/div>\n\t\t\t\t<\/div>\n\t\t\t\t\t<\/div>\n\t\t<\/div>\n\t\t\t\t\t<\/div>\n\t\t<\/section>\n\t\t\t\t<\/div>","protected":false},"excerpt":{"rendered":"<p>Dr Duarte Portas Ol\u00e1. O meu nome \u00e9 Duarte Portas e sou quiropr\u00e1tico desde 2015, formado pela universidade Madrid College of Chiropractic (MCC). Antes de me formar em quiropr\u00e1tica, licenciei-me em Gest\u00e3o pelo Instituto Superior de Economia e Gest\u00e3o (ISEG). Durante este per\u00edodo, acompanhava a minha m\u00e3e a tratamentos de coluna devido a um problema [&hellip;]<\/p>","protected":false},"author":1,"featured_media":0,"parent":0,"menu_order":0,"comment_status":"closed","ping_status":"closed","template":"elementor_header_footer","meta":{"_monsterinsights_skip_tracking":false,"_monsterinsights_sitenote_active":false,"_monsterinsights_sitenote_note":"","_monsterinsights_sitenote_category":0,"ocean_post_layout":"","ocean_both_sidebars_style":"","ocean_both_sidebars_content_width":0,"ocean_both_sidebars_sidebars_width":0,"ocean_sidebar":"0","ocean_second_sidebar":"0","ocean_disable_margins":"enable","ocean_add_body_class":"","ocean_shortcode_before_top_bar":"","ocean_shortcode_after_top_bar":"","ocean_shortcode_before_header":"","ocean_shortcode_after_header":"","ocean_has_shortcode":"","ocean_shortcode_after_title":"","ocean_shortcode_before_footer_widgets":"","ocean_shortcode_after_footer_widgets":"","ocean_shortcode_before_footer_bottom":"","ocean_shortcode_after_footer_bottom":"","ocean_display_top_bar":"default","ocean_display_header":"default","ocean_header_style":"minimal","ocean_center_header_left_menu":"0","ocean_custom_header_template":"0","ocean_custom_logo":0,"ocean_custom_retina_logo":0,"ocean_custom_logo_max_width":0,"ocean_custom_logo_tablet_max_width":0,"ocean_custom_logo_mobile_max_width":0,"ocean_custom_logo_max_height":0,"ocean_custom_logo_tablet_max_height":0,"ocean_custom_logo_mobile_max_height":0,"ocean_header_custom_menu":"0","ocean_menu_typo_font_family":"0","ocean_menu_typo_font_subset":"","ocean_menu_typo_font_size":0,"ocean_menu_typo_font_size_tablet":0,"ocean_menu_typo_font_size_mobile":0,"ocean_menu_typo_font_size_unit":"px","ocean_menu_typo_font_weight":"","ocean_menu_typo_font_weight_tablet":"","ocean_menu_typo_font_weight_mobile":"","ocean_menu_typo_transform":"","ocean_menu_typo_transform_tablet":"","ocean_menu_typo_transform_mobile":"","ocean_menu_typo_line_height":0,"ocean_menu_typo_line_height_tablet":0,"ocean_menu_typo_line_height_mobile":0,"ocean_menu_typo_line_height_unit":"","ocean_menu_typo_spacing":0,"ocean_menu_typo_spacing_tablet":0,"ocean_menu_typo_spacing_mobile":0,"ocean_menu_typo_spacing_unit":"","ocean_menu_link_color":"","ocean_menu_link_color_hover":"","ocean_menu_link_color_active":"","ocean_menu_link_background":"","ocean_menu_link_hover_background":"","ocean_menu_link_active_background":"","ocean_menu_social_links_bg":"","ocean_menu_social_hover_links_bg":"","ocean_menu_social_links_color":"","ocean_menu_social_hover_links_color":"","ocean_disable_title":"on","ocean_disable_heading":"default","ocean_post_title":"","ocean_post_subheading":"","ocean_post_title_style":"","ocean_post_title_background_color":"","ocean_post_title_background":0,"ocean_post_title_bg_image_position":"","ocean_post_title_bg_image_attachment":"","ocean_post_title_bg_image_repeat":"","ocean_post_title_bg_image_size":"contain","ocean_post_title_height":200,"ocean_post_title_bg_overlay":0,"ocean_post_title_bg_overlay_color":"#ffffff","ocean_disable_breadcrumbs":"off","ocean_breadcrumbs_color":"","ocean_breadcrumbs_separator_color":"","ocean_breadcrumbs_links_color":"","ocean_breadcrumbs_links_hover_color":"","ocean_display_footer_widgets":"default","ocean_display_footer_bottom":"default","ocean_custom_footer_template":"0","footnotes":""},"class_list":["post-554","page","type-page","status-publish","hentry","entry"],"aioseo_notices":[],"_links":{"self":[{"href":"https:\/\/clinicaduarteportas.pt\/en\/wp-json\/wp\/v2\/pages\/554","targetHints":{"allow":["GET"]}}],"collection":[{"href":"https:\/\/clinicaduarteportas.pt\/en\/wp-json\/wp\/v2\/pages"}],"about":[{"href":"https:\/\/clinicaduarteportas.pt\/en\/wp-json\/wp\/v2\/types\/page"}],"author":[{"embeddable":true,"href":"https:\/\/clinicaduarteportas.pt\/en\/wp-json\/wp\/v2\/users\/1"}],"replies":[{"embeddable":true,"href":"https:\/\/clinicaduarteportas.pt\/en\/wp-json\/wp\/v2\/comments?post=554"}],"version-history":[{"count":1,"href":"https:\/\/clinicaduarteportas.pt\/en\/wp-json\/wp\/v2\/pages\/554\/revisions"}],"predecessor-version":[{"id":4053,"href":"https:\/\/clinicaduarteportas.pt\/en\/wp-json\/wp\/v2\/pages\/554\/revisions\/4053"}],"wp:attachment":[{"href":"https:\/\/clinicaduarteportas.pt\/en\/wp-json\/wp\/v2\/media?parent=554"}],"curies":[{"name":"wp","href":"https:\/\/api.w.org\/{rel}","templated":true}]}}