{"id":1573,"date":"2023-02-03T18:29:24","date_gmt":"2023-02-03T18:29:24","guid":{"rendered":"https:\/\/clinicaduarteportas.pt\/?page_id=1573"},"modified":"2023-09-01T16:19:28","modified_gmt":"2023-09-01T16:19:28","slug":"quiropratica-envelhecer-com-saude","status":"publish","type":"page","link":"https:\/\/clinicaduarteportas.pt\/en\/quiropratica-envelhecer-com-saude\/","title":{"rendered":"Healthy aging"},"content":{"rendered":"<div data-elementor-type=\"wp-page\" data-elementor-id=\"1573\" class=\"elementor elementor-1573\">\n\t\t\t\t\t\t<section class=\"elementor-section elementor-top-section elementor-element elementor-element-3502910 elementor-section-boxed elementor-section-height-default elementor-section-height-default\" data-id=\"3502910\" data-element_type=\"section\">\n\t\t\t\t\t\t<div class=\"elementor-container elementor-column-gap-default\">\n\t\t\t\t\t<div class=\"elementor-column elementor-col-100 elementor-top-column elementor-element elementor-element-11efe25\" data-id=\"11efe25\" data-element_type=\"column\">\n\t\t\t<div class=\"elementor-widget-wrap elementor-element-populated\">\n\t\t\t\t\t\t<div class=\"elementor-element elementor-element-baf0394 elementor-widget elementor-widget-heading\" data-id=\"baf0394\" data-element_type=\"widget\" data-widget_type=\"heading.default\">\n\t\t\t\t<div class=\"elementor-widget-container\">\n\t\t\t\t\t<h1 class=\"elementor-heading-title elementor-size-default\"><span style=\"font-family: Lato; font-size: 32px; font-style: normal; font-variant-ligatures: normal; font-variant-caps: normal; font-weight: 600;\">QUIROPR\u00c1TICA para <\/span>Healthy aging<\/h1>\t\t\t\t<\/div>\n\t\t\t\t<\/div>\n\t\t\t\t\t<\/div>\n\t\t<\/div>\n\t\t\t\t\t<\/div>\n\t\t<\/section>\n\t\t\t\t<section class=\"elementor-section elementor-top-section elementor-element elementor-element-d715c93 elementor-reverse-mobile elementor-section-boxed elementor-section-height-default elementor-section-height-default\" data-id=\"d715c93\" data-element_type=\"section\">\n\t\t\t\t\t\t<div class=\"elementor-container elementor-column-gap-default\">\n\t\t\t\t\t<div class=\"elementor-column elementor-col-66 elementor-top-column elementor-element elementor-element-d68bb02\" data-id=\"d68bb02\" data-element_type=\"column\">\n\t\t\t<div class=\"elementor-widget-wrap elementor-element-populated\">\n\t\t\t\t\t\t<div class=\"elementor-element elementor-element-19313c5 elementor-widget elementor-widget-text-editor\" data-id=\"19313c5\" data-element_type=\"widget\" data-widget_type=\"text-editor.default\">\n\t\t\t\t<div class=\"elementor-widget-container\">\n\t\t\t\t\t\t\t\t\t<p>Getting older does not have to be synonymous with loss of quality of life.<\/p>\n<p>As we get older, we become more susceptible to pathologies and it is common to face challenges related to loss of mobility, chronic pain, etc. To maintain quality of life it is essential that we take care of our body and help it preserve its mobility, balance, and strength.<\/p>\n<p>The problem is not aging, it's how we age, and chiropractic is a strong ally to help us enjoy this phase of our lives with full wellness and energy.<\/p><p><span style=\"font-size: 15px;\"><br><\/span><\/p><p><span style=\"font-size: 15px;\">A study conducted by the Rand Corporation (1) with 75 elderly people compared their evolution after chiropractic treatment with that of other patients with the same characteristics in a control group. The study found the following benefits:<\/span><\/p>\n<ul>\n<li style=\"font-variant-ligatures: normal; font-variant-caps: normal; font-family: Merriweather; font-size: 15px; font-style: normal; font-weight: 400;\">Maintenance of activity and autonomy<\/li>\n<li style=\"font-variant-ligatures: normal; font-variant-caps: normal; font-family: Merriweather; font-size: 15px; font-style: normal; font-weight: 400;\">Decreased symptoms caused by chronic diseases<\/li>\n<li style=\"font-variant-ligatures: normal; font-variant-caps: normal; font-family: Merriweather; font-size: 15px; font-style: normal; font-weight: 400;\">Reduction in medication needs and hospitalization<\/li>\n<li style=\"font-variant-ligatures: normal; font-variant-caps: normal; font-family: Merriweather; font-size: 15px; font-style: normal; font-weight: 400;\">Improved overall quality of life<\/li>\n<\/ul>\n<div>Chiropractic adjustments are performed using techniques adapted to each stage of life, ensuring safety and respecting the natural physiology of each person and their conditions.<\/div>\t\t\t\t\t\t\t\t<\/div>\n\t\t\t\t<\/div>\n\t\t\t\t\t<\/div>\n\t\t<\/div>\n\t\t\t\t<div class=\"elementor-column elementor-col-33 elementor-top-column elementor-element elementor-element-db099a8\" data-id=\"db099a8\" data-element_type=\"column\">\n\t\t\t<div class=\"elementor-widget-wrap elementor-element-populated\">\n\t\t\t\t\t\t<div class=\"elementor-element elementor-element-b7ffed1 elementor-hidden-mobile elementor-widget elementor-widget-image\" data-id=\"b7ffed1\" data-element_type=\"widget\" data-widget_type=\"image.default\">\n\t\t\t\t<div class=\"elementor-widget-container\">\n\t\t\t\t\t\t\t\t\t\t\t\t\t\t\t<img fetchpriority=\"high\" decoding=\"async\" width=\"683\" height=\"1024\" src=\"https:\/\/clinicaduarteportas.pt\/wp-content\/uploads\/2023\/02\/envelhecer-com-saude-683x1024.jpg\" class=\"attachment-large size-large wp-image-3555 no-lazyload\" alt=\"Mulher idosa ativa a alogar, vida ativa na senioridade\" srcset=\"https:\/\/clinicaduarteportas.pt\/wp-content\/uploads\/2023\/02\/envelhecer-com-saude-683x1024.jpg 683w, https:\/\/clinicaduarteportas.pt\/wp-content\/uploads\/2023\/02\/envelhecer-com-saude-200x300.jpg 200w, https:\/\/clinicaduarteportas.pt\/wp-content\/uploads\/2023\/02\/envelhecer-com-saude-768x1152.jpg 768w, https:\/\/clinicaduarteportas.pt\/wp-content\/uploads\/2023\/02\/envelhecer-com-saude-1024x1536.jpg 1024w, https:\/\/clinicaduarteportas.pt\/wp-content\/uploads\/2023\/02\/envelhecer-com-saude-1365x2048.jpg 1365w, https:\/\/clinicaduarteportas.pt\/wp-content\/uploads\/2023\/02\/envelhecer-com-saude-8x12.jpg 8w, https:\/\/clinicaduarteportas.pt\/wp-content\/uploads\/2023\/02\/envelhecer-com-saude-scaled.jpg 1707w\" sizes=\"(max-width: 683px) 100vw, 683px\" \/>\t\t\t\t\t\t\t\t\t\t\t\t\t\t\t<\/div>\n\t\t\t\t<\/div>\n\t\t\t\t<div class=\"elementor-element elementor-element-be61472 elementor-hidden-desktop elementor-hidden-tablet elementor-widget elementor-widget-image\" data-id=\"be61472\" data-element_type=\"widget\" data-widget_type=\"image.default\">\n\t\t\t\t<div class=\"elementor-widget-container\">\n\t\t\t\t\t\t\t\t\t\t\t\t\t\t\t<img decoding=\"async\" width=\"1024\" height=\"683\" src=\"https:\/\/clinicaduarteportas.pt\/wp-content\/uploads\/2023\/02\/envelhecimento-ativo-1024x683.jpg\" class=\"attachment-large size-large wp-image-3556 no-lazyload\" alt=\"Mulher idosa ativa a praticar desporto, sa\u00fade no envelhecimento\" srcset=\"https:\/\/clinicaduarteportas.pt\/wp-content\/uploads\/2023\/02\/envelhecimento-ativo-1024x683.jpg 1024w, https:\/\/clinicaduarteportas.pt\/wp-content\/uploads\/2023\/02\/envelhecimento-ativo-300x200.jpg 300w, https:\/\/clinicaduarteportas.pt\/wp-content\/uploads\/2023\/02\/envelhecimento-ativo-768x512.jpg 768w, https:\/\/clinicaduarteportas.pt\/wp-content\/uploads\/2023\/02\/envelhecimento-ativo-1536x1024.jpg 1536w, https:\/\/clinicaduarteportas.pt\/wp-content\/uploads\/2023\/02\/envelhecimento-ativo-2048x1365.jpg 2048w, https:\/\/clinicaduarteportas.pt\/wp-content\/uploads\/2023\/02\/envelhecimento-ativo-18x12.jpg 18w\" sizes=\"(max-width: 1024px) 100vw, 1024px\" \/>\t\t\t\t\t\t\t\t\t\t\t\t\t\t\t<\/div>\n\t\t\t\t<\/div>\n\t\t\t\t\t<\/div>\n\t\t<\/div>\n\t\t\t\t\t<\/div>\n\t\t<\/section>\n\t\t\t\t<section class=\"elementor-section elementor-top-section elementor-element elementor-element-0ec277e elementor-section-boxed elementor-section-height-default elementor-section-height-default\" data-id=\"0ec277e\" data-element_type=\"section\">\n\t\t\t\t\t\t<div class=\"elementor-container elementor-column-gap-default\">\n\t\t\t\t\t<div class=\"elementor-column elementor-col-100 elementor-top-column elementor-element elementor-element-eb7709f\" data-id=\"eb7709f\" data-element_type=\"column\">\n\t\t\t<div class=\"elementor-widget-wrap elementor-element-populated\">\n\t\t\t\t\t\t<div class=\"elementor-element elementor-element-9e0bbb0 elementor-widget elementor-widget-image\" data-id=\"9e0bbb0\" data-element_type=\"widget\" data-widget_type=\"image.default\">\n\t\t\t\t<div class=\"elementor-widget-container\">\n\t\t\t\t\t\t\t\t\t\t\t\t\t\t\t<img decoding=\"async\" width=\"48\" height=\"48\" src=\"https:\/\/clinicaduarteportas.pt\/wp-content\/uploads\/2023\/02\/quote-icon.png\" class=\"attachment-large size-large wp-image-2846 no-lazyload\" alt=\"Quotation icon\" srcset=\"https:\/\/clinicaduarteportas.pt\/wp-content\/uploads\/2023\/02\/quote-icon.png 48w, https:\/\/clinicaduarteportas.pt\/wp-content\/uploads\/2023\/02\/quote-icon-12x12.png 12w\" sizes=\"(max-width: 48px) 100vw, 48px\" \/>\t\t\t\t\t\t\t\t\t\t\t\t\t\t\t<\/div>\n\t\t\t\t<\/div>\n\t\t\t\t<div class=\"elementor-element elementor-element-926fe8d elementor-widget elementor-widget-heading\" data-id=\"926fe8d\" data-element_type=\"widget\" data-widget_type=\"heading.default\">\n\t\t\t\t<div class=\"elementor-widget-container\">\n\t\t\t\t\t<h2 class=\"elementor-heading-title elementor-size-default\">Chiropractic adds more years to your life and more life to your years<\/h2>\t\t\t\t<\/div>\n\t\t\t\t<\/div>\n\t\t\t\t\t<\/div>\n\t\t<\/div>\n\t\t\t\t\t<\/div>\n\t\t<\/section>\n\t\t\t\t<section class=\"elementor-section elementor-top-section elementor-element elementor-element-1a7a3a5 elementor-section-boxed elementor-section-height-default elementor-section-height-default\" data-id=\"1a7a3a5\" data-element_type=\"section\">\n\t\t\t\t\t\t<div class=\"elementor-container elementor-column-gap-default\">\n\t\t\t\t\t<div class=\"elementor-column elementor-col-100 elementor-top-column elementor-element elementor-element-01223af\" data-id=\"01223af\" data-element_type=\"column\">\n\t\t\t<div class=\"elementor-widget-wrap elementor-element-populated\">\n\t\t\t\t\t\t<div class=\"elementor-element elementor-element-c79d53b elementor-widget elementor-widget-heading\" data-id=\"c79d53b\" data-element_type=\"widget\" data-widget_type=\"heading.default\">\n\t\t\t\t<div class=\"elementor-widget-container\">\n\t\t\t\t\t<h2 class=\"elementor-heading-title elementor-size-default\">Other areas<br><\/h2>\t\t\t\t<\/div>\n\t\t\t\t<\/div>\n\t\t\t\t\t<\/div>\n\t\t<\/div>\n\t\t\t\t\t<\/div>\n\t\t<\/section>\n\t\t\t\t<section class=\"elementor-section elementor-top-section elementor-element elementor-element-9dbaefd elementor-section-content-middle animated-slow elementor-section-boxed elementor-section-height-default elementor-section-height-default elementor-invisible\" data-id=\"9dbaefd\" data-element_type=\"section\" data-settings=\"{&quot;animation&quot;:&quot;fadeIn&quot;}\">\n\t\t\t\t\t\t<div class=\"elementor-container elementor-column-gap-narrow\">\n\t\t\t\t\t<div class=\"elementor-column elementor-col-16 elementor-top-column elementor-element elementor-element-f1fcfda clickable\" data-id=\"f1fcfda\" data-element_type=\"column\" data-settings=\"{&quot;background_background&quot;:&quot;classic&quot;,&quot;animation&quot;:&quot;none&quot;}\">\n\t\t\t<div class=\"elementor-widget-wrap elementor-element-populated\">\n\t\t\t\t\t<div class=\"elementor-background-overlay\"><\/div>\n\t\t\t\t\t\t<div class=\"elementor-element elementor-element-45a0502 elementor-widget elementor-widget-heading\" data-id=\"45a0502\" data-element_type=\"widget\" data-widget_type=\"heading.default\">\n\t\t\t\t<div class=\"elementor-widget-container\">\n\t\t\t\t\t<h3 class=\"elementor-heading-title elementor-size-default\"><a href=\"https:\/\/clinicaduarteportas.pt\/en\/quiropratica-gravidez\/\">Pregnancy<\/a><\/h3>\t\t\t\t<\/div>\n\t\t\t\t<\/div>\n\t\t\t\t\t<\/div>\n\t\t<\/div>\n\t\t\t\t<div class=\"elementor-column elementor-col-16 elementor-top-column elementor-element elementor-element-adce2d7 clickable\" data-id=\"adce2d7\" data-element_type=\"column\" data-settings=\"{&quot;background_background&quot;:&quot;classic&quot;,&quot;animation&quot;:&quot;none&quot;}\">\n\t\t\t<div class=\"elementor-widget-wrap elementor-element-populated\">\n\t\t\t\t\t<div class=\"elementor-background-overlay\"><\/div>\n\t\t\t\t\t\t<div class=\"elementor-element elementor-element-7b6b31b elementor-widget elementor-widget-heading\" data-id=\"7b6b31b\" data-element_type=\"widget\" data-widget_type=\"heading.default\">\n\t\t\t\t<div class=\"elementor-widget-container\">\n\t\t\t\t\t<h3 class=\"elementor-heading-title elementor-size-default\"><a href=\"https:\/\/clinicaduarteportas.pt\/en\/quiropratica-bebes-criancas\/\">Babies and children<\/a><\/h3>\t\t\t\t<\/div>\n\t\t\t\t<\/div>\n\t\t\t\t\t<\/div>\n\t\t<\/div>\n\t\t\t\t<div class=\"elementor-column elementor-col-16 elementor-top-column elementor-element elementor-element-e9a5108 clickable\" data-id=\"e9a5108\" data-element_type=\"column\" data-settings=\"{&quot;background_background&quot;:&quot;classic&quot;,&quot;animation&quot;:&quot;none&quot;}\">\n\t\t\t<div class=\"elementor-widget-wrap elementor-element-populated\">\n\t\t\t\t\t<div class=\"elementor-background-overlay\"><\/div>\n\t\t\t\t\t\t<div class=\"elementor-element elementor-element-369b3fb elementor-widget elementor-widget-heading\" data-id=\"369b3fb\" data-element_type=\"widget\" data-widget_type=\"heading.default\">\n\t\t\t\t<div class=\"elementor-widget-container\">\n\t\t\t\t\t<h3 class=\"elementor-heading-title elementor-size-default\">Healthy aging<\/h3>\t\t\t\t<\/div>\n\t\t\t\t<\/div>\n\t\t\t\t\t<\/div>\n\t\t<\/div>\n\t\t\t\t<div class=\"elementor-column elementor-col-16 elementor-top-column elementor-element elementor-element-9059be9 clickable elementor-invisible\" data-id=\"9059be9\" data-element_type=\"column\" data-settings=\"{&quot;background_background&quot;:&quot;classic&quot;,&quot;animation&quot;:&quot;fadeIn&quot;}\">\n\t\t\t<div class=\"elementor-widget-wrap elementor-element-populated\">\n\t\t\t\t\t<div class=\"elementor-background-overlay\"><\/div>\n\t\t\t\t\t\t<div class=\"elementor-element elementor-element-15a484f elementor-widget elementor-widget-heading\" data-id=\"15a484f\" data-element_type=\"widget\" data-settings=\"{&quot;_animation&quot;:&quot;none&quot;}\" data-widget_type=\"heading.default\">\n\t\t\t\t<div class=\"elementor-widget-container\">\n\t\t\t\t\t<h3 class=\"elementor-heading-title elementor-size-default\"><a href=\"https:\/\/clinicaduarteportas.pt\/en\/quiropratica-patologias\/\">PATOLOGIAS<\/a><\/h3>\t\t\t\t<\/div>\n\t\t\t\t<\/div>\n\t\t\t\t\t<\/div>\n\t\t<\/div>\n\t\t\t\t<div class=\"elementor-column elementor-col-16 elementor-top-column elementor-element elementor-element-66f7771 clickable\" data-id=\"66f7771\" data-element_type=\"column\" data-settings=\"{&quot;background_background&quot;:&quot;classic&quot;,&quot;animation&quot;:&quot;none&quot;}\">\n\t\t\t<div class=\"elementor-widget-wrap elementor-element-populated\">\n\t\t\t\t\t<div class=\"elementor-background-overlay\"><\/div>\n\t\t\t\t\t\t<div class=\"elementor-element elementor-element-4b71fbf elementor-widget elementor-widget-heading\" data-id=\"4b71fbf\" data-element_type=\"widget\" data-widget_type=\"heading.default\">\n\t\t\t\t<div class=\"elementor-widget-container\">\n\t\t\t\t\t<h3 class=\"elementor-heading-title elementor-size-default\"><a href=\"https:\/\/clinicaduarteportas.pt\/en\/quiropratica-desporto\/\">Sports<\/a><\/h3>\t\t\t\t<\/div>\n\t\t\t\t<\/div>\n\t\t\t\t\t<\/div>\n\t\t<\/div>\n\t\t\t\t<div class=\"elementor-column elementor-col-16 elementor-top-column elementor-element elementor-element-816fd2d clickable\" data-id=\"816fd2d\" data-element_type=\"column\" data-settings=\"{&quot;background_background&quot;:&quot;classic&quot;,&quot;animation&quot;:&quot;none&quot;}\">\n\t\t\t<div class=\"elementor-widget-wrap elementor-element-populated\">\n\t\t\t\t\t<div class=\"elementor-background-overlay\"><\/div>\n\t\t\t\t\t\t<div class=\"elementor-element elementor-element-d8ed5df elementor-widget elementor-widget-heading\" data-id=\"d8ed5df\" data-element_type=\"widget\" data-widget_type=\"heading.default\">\n\t\t\t\t<div class=\"elementor-widget-container\">\n\t\t\t\t\t<h3 class=\"elementor-heading-title elementor-size-default\"><a href=\"https:\/\/clinicaduarteportas.pt\/en\/quiropratica-bem-estar\/\">Well-being<\/a><\/h3>\t\t\t\t<\/div>\n\t\t\t\t<\/div>\n\t\t\t\t\t<\/div>\n\t\t<\/div>\n\t\t\t\t\t<\/div>\n\t\t<\/section>\n\t\t\t\t<section class=\"elementor-section elementor-top-section elementor-element elementor-element-d296563 elementor-section-boxed elementor-section-height-default elementor-section-height-default\" data-id=\"d296563\" data-element_type=\"section\">\n\t\t\t\t\t\t<div class=\"elementor-container elementor-column-gap-default\">\n\t\t\t\t\t<div class=\"elementor-column elementor-col-100 elementor-top-column elementor-element elementor-element-c4800f0\" data-id=\"c4800f0\" data-element_type=\"column\">\n\t\t\t<div class=\"elementor-widget-wrap\">\n\t\t\t\t\t\t\t<\/div>\n\t\t<\/div>\n\t\t\t\t\t<\/div>\n\t\t<\/section>\n\t\t\t\t<section class=\"elementor-section elementor-top-section elementor-element elementor-element-0cdf7ed elementor-section-boxed elementor-section-height-default elementor-section-height-default\" data-id=\"0cdf7ed\" data-element_type=\"section\">\n\t\t\t\t\t\t<div class=\"elementor-container elementor-column-gap-default\">\n\t\t\t\t\t<div class=\"elementor-column elementor-col-100 elementor-top-column elementor-element elementor-element-ab58ba9\" data-id=\"ab58ba9\" data-element_type=\"column\">\n\t\t\t<div class=\"elementor-widget-wrap elementor-element-populated\">\n\t\t\t\t\t\t<div class=\"elementor-element elementor-element-d0c484e elementor-widget elementor-widget-heading\" data-id=\"d0c484e\" data-element_type=\"widget\" data-widget_type=\"heading.default\">\n\t\t\t\t<div class=\"elementor-widget-container\">\n\t\t\t\t\t<h6 class=\"elementor-heading-title elementor-size-default\">References:<\/h6>\t\t\t\t<\/div>\n\t\t\t\t<\/div>\n\t\t\t\t<div class=\"elementor-element elementor-element-94a491d elementor-widget elementor-widget-text-editor\" data-id=\"94a491d\" data-element_type=\"widget\" data-widget_type=\"text-editor.default\">\n\t\t\t\t<div class=\"elementor-widget-container\">\n\t\t\t\t\t\t\t\t\t<hr style=\"background-color: #ffffff;\" \/><p style=\"font-variant-ligatures: normal; font-variant-caps: normal; font-family: Merriweather; font-size: 15px; font-style: normal; font-weight: 400;\"><i style=\"font-size: 15px;\">(1) Coulter ID. et al. (1996). Chiropractic patients in a comprehensive home-based geriatric assessment, follow-up and health promotion program, Topics in Clinical Chiropractic, v. 3, no. 2, 1996, pp. 46-55.<\/i><\/p>\t\t\t\t\t\t\t\t<\/div>\n\t\t\t\t<\/div>\n\t\t\t\t\t<\/div>\n\t\t<\/div>\n\t\t\t\t\t<\/div>\n\t\t<\/section>\n\t\t\t\t<\/div>","protected":false},"excerpt":{"rendered":"<p>QUIROPR\u00c1TICA para Envelhecer com sa\u00fade O avan\u00e7ar da idade n\u00e3o tem de ser sin\u00f3nimo de perda de qualidade de vida. \u00c0 medida que vamos envelhecendo, ficamos mais suscet\u00edveis a patologias e \u00e9 comum surgirem desafios relacionados com a perda de mobilidade, dores cr\u00f3nicas, etc. Para manter a qualidade de vida \u00e9 essencial cuidarmos do nosso [&hellip;]<\/p>","protected":false},"author":1,"featured_media":0,"parent":0,"menu_order":0,"comment_status":"closed","ping_status":"closed","template":"","meta":{"_monsterinsights_skip_tracking":false,"_monsterinsights_sitenote_active":false,"_monsterinsights_sitenote_note":"","_monsterinsights_sitenote_category":0,"ocean_post_layout":"full-screen","ocean_both_sidebars_style":"","ocean_both_sidebars_content_width":0,"ocean_both_sidebars_sidebars_width":0,"ocean_sidebar":"0","ocean_second_sidebar":"0","ocean_disable_margins":"enable","ocean_add_body_class":"","ocean_shortcode_before_top_bar":"","ocean_shortcode_after_top_bar":"","ocean_shortcode_before_header":"","ocean_shortcode_after_header":"","ocean_has_shortcode":"","ocean_shortcode_after_title":"","ocean_shortcode_before_footer_widgets":"","ocean_shortcode_after_footer_widgets":"","ocean_shortcode_before_footer_bottom":"","ocean_shortcode_after_footer_bottom":"","ocean_display_top_bar":"default","ocean_display_header":"default","ocean_header_style":"","ocean_center_header_left_menu":"0","ocean_custom_header_template":"0","ocean_custom_logo":0,"ocean_custom_retina_logo":0,"ocean_custom_logo_max_width":0,"ocean_custom_logo_tablet_max_width":0,"ocean_custom_logo_mobile_max_width":0,"ocean_custom_logo_max_height":0,"ocean_custom_logo_tablet_max_height":0,"ocean_custom_logo_mobile_max_height":0,"ocean_header_custom_menu":"0","ocean_menu_typo_font_family":"0","ocean_menu_typo_font_subset":"","ocean_menu_typo_font_size":0,"ocean_menu_typo_font_size_tablet":0,"ocean_menu_typo_font_size_mobile":0,"ocean_menu_typo_font_size_unit":"px","ocean_menu_typo_font_weight":"","ocean_menu_typo_font_weight_tablet":"","ocean_menu_typo_font_weight_mobile":"","ocean_menu_typo_transform":"","ocean_menu_typo_transform_tablet":"","ocean_menu_typo_transform_mobile":"","ocean_menu_typo_line_height":0,"ocean_menu_typo_line_height_tablet":0,"ocean_menu_typo_line_height_mobile":0,"ocean_menu_typo_line_height_unit":"","ocean_menu_typo_spacing":0,"ocean_menu_typo_spacing_tablet":0,"ocean_menu_typo_spacing_mobile":0,"ocean_menu_typo_spacing_unit":"","ocean_menu_link_color":"","ocean_menu_link_color_hover":"","ocean_menu_link_color_active":"","ocean_menu_link_background":"","ocean_menu_link_hover_background":"","ocean_menu_link_active_background":"","ocean_menu_social_links_bg":"","ocean_menu_social_hover_links_bg":"","ocean_menu_social_links_color":"","ocean_menu_social_hover_links_color":"","ocean_disable_title":"on","ocean_disable_heading":"default","ocean_post_title":"","ocean_post_subheading":"","ocean_post_title_style":"","ocean_post_title_background_color":"","ocean_post_title_background":0,"ocean_post_title_bg_image_position":"","ocean_post_title_bg_image_attachment":"","ocean_post_title_bg_image_repeat":"","ocean_post_title_bg_image_size":"","ocean_post_title_height":0,"ocean_post_title_bg_overlay":0.5,"ocean_post_title_bg_overlay_color":"","ocean_disable_breadcrumbs":"default","ocean_breadcrumbs_color":"","ocean_breadcrumbs_separator_color":"","ocean_breadcrumbs_links_color":"","ocean_breadcrumbs_links_hover_color":"","ocean_display_footer_widgets":"default","ocean_display_footer_bottom":"default","ocean_custom_footer_template":"0","footnotes":""},"class_list":["post-1573","page","type-page","status-publish","hentry","entry"],"aioseo_notices":[],"_links":{"self":[{"href":"https:\/\/clinicaduarteportas.pt\/en\/wp-json\/wp\/v2\/pages\/1573","targetHints":{"allow":["GET"]}}],"collection":[{"href":"https:\/\/clinicaduarteportas.pt\/en\/wp-json\/wp\/v2\/pages"}],"about":[{"href":"https:\/\/clinicaduarteportas.pt\/en\/wp-json\/wp\/v2\/types\/page"}],"author":[{"embeddable":true,"href":"https:\/\/clinicaduarteportas.pt\/en\/wp-json\/wp\/v2\/users\/1"}],"replies":[{"embeddable":true,"href":"https:\/\/clinicaduarteportas.pt\/en\/wp-json\/wp\/v2\/comments?post=1573"}],"version-history":[{"count":3,"href":"https:\/\/clinicaduarteportas.pt\/en\/wp-json\/wp\/v2\/pages\/1573\/revisions"}],"predecessor-version":[{"id":4134,"href":"https:\/\/clinicaduarteportas.pt\/en\/wp-json\/wp\/v2\/pages\/1573\/revisions\/4134"}],"wp:attachment":[{"href":"https:\/\/clinicaduarteportas.pt\/en\/wp-json\/wp\/v2\/media?parent=1573"}],"curies":[{"name":"wp","href":"https:\/\/api.w.org\/{rel}","templated":true}]}}