{"id":1552,"date":"2023-02-03T18:22:47","date_gmt":"2023-02-03T18:22:47","guid":{"rendered":"https:\/\/clinicaduarteportas.pt\/?page_id=1552"},"modified":"2023-09-01T16:20:35","modified_gmt":"2023-09-01T16:20:35","slug":"quiropratica-patologias","status":"publish","type":"page","link":"https:\/\/clinicaduarteportas.pt\/en\/quiropratica-patologias\/","title":{"rendered":"Pathologies"},"content":{"rendered":"<div data-elementor-type=\"wp-page\" data-elementor-id=\"1552\" class=\"elementor elementor-1552\">\n\t\t\t\t\t\t<section class=\"elementor-section elementor-top-section elementor-element elementor-element-f766d24 elementor-section-boxed elementor-section-height-default elementor-section-height-default\" data-id=\"f766d24\" data-element_type=\"section\">\n\t\t\t\t\t\t<div class=\"elementor-container elementor-column-gap-default\">\n\t\t\t\t\t<div class=\"elementor-column elementor-col-100 elementor-top-column elementor-element elementor-element-e0ac956\" data-id=\"e0ac956\" data-element_type=\"column\">\n\t\t\t<div class=\"elementor-widget-wrap elementor-element-populated\">\n\t\t\t\t\t\t<div class=\"elementor-element elementor-element-ccf8858 elementor-widget elementor-widget-heading\" data-id=\"ccf8858\" data-element_type=\"widget\" data-widget_type=\"heading.default\">\n\t\t\t\t<div class=\"elementor-widget-container\">\n\t\t\t\t\t<h1 class=\"elementor-heading-title elementor-size-default\"><span style=\"font-family: Lato; font-size: 32px; font-style: normal; font-variant-ligatures: normal; font-variant-caps: normal; font-weight: 600;\">QUIROPR\u00c1TICA para <\/span>Pathologies<\/h1>\t\t\t\t<\/div>\n\t\t\t\t<\/div>\n\t\t\t\t\t<\/div>\n\t\t<\/div>\n\t\t\t\t\t<\/div>\n\t\t<\/section>\n\t\t\t\t<section class=\"elementor-section elementor-top-section elementor-element elementor-element-5d129de elementor-reverse-mobile elementor-section-boxed elementor-section-height-default elementor-section-height-default\" data-id=\"5d129de\" data-element_type=\"section\">\n\t\t\t\t\t\t<div class=\"elementor-container elementor-column-gap-default\">\n\t\t\t\t\t<div class=\"elementor-column elementor-col-66 elementor-top-column elementor-element elementor-element-8027fe0\" data-id=\"8027fe0\" data-element_type=\"column\">\n\t\t\t<div class=\"elementor-widget-wrap elementor-element-populated\">\n\t\t\t\t\t\t<div class=\"elementor-element elementor-element-afb743c elementor-widget elementor-widget-text-editor\" data-id=\"afb743c\" data-element_type=\"widget\" data-widget_type=\"text-editor.default\">\n\t\t\t\t<div class=\"elementor-widget-container\">\n\t\t\t\t\t\t\t\t\t<p>Our body, when fully functioning, has the innate ability to heal itself and recover from the challenges we face. However, this ability is diminished when there are interferences to its optimal functioning.<\/p>\n<p>Chiropractic does not focus on masking symptoms or \"healing\" illnesses and injuries directly, but rather ensuring the optimal balance and functioning of our spine, nervous system, and body in general, and thereby allowing the body to respond and recover naturally.<\/p>\n<p>Patients seek chiropractic care to help them with various conditions such as:<\/p>\n<ul>\n<li style=\"font-size: 15px;\" aria-level=\"1\">Migraines \/ headaches<\/li>\n<li aria-level=\"1\">Lower back pain<\/li>\n<li aria-level=\"1\">Neck pain<\/li>\n<li aria-level=\"1\">Joint pain<\/li>\n<li aria-level=\"1\">Herniated discs<\/li>\n<li aria-level=\"1\">Numbness and tingling<\/li>\n<li aria-level=\"1\"><span style=\"font-size: 15px;\">Sciatica<\/span><\/li>\n<li aria-level=\"1\">Scoliosis<\/li>\n<li aria-level=\"1\">Fibromyalgia<\/li>\n<li aria-level=\"1\">Intestinal problems<\/li>\n<li style=\"font-size: 15px;\" aria-level=\"1\">Loss of mobility<\/li>\n<\/ul><div><br><\/div>\n<div>\n<p>Several studies have looked at the effectiveness of chiropractic care for these conditions:<\/p>\n<p>One study (1) involving 104 patients diagnosed with herniated cervical disc compared the improvements recorded, pain reduction and treatment costs in patients treated with spinal adjustments or analgesic injection and found better results in patients with subacute or chronic cervical pain undergoing chiropractic adjustments. 86.5% of patients who received spinal adjustments showed significant improvement, compared to 49% of those who received analgesic injections.<\/p>\n<p>Another study (2) investigated the effectiveness of chiropractic in cervicogenic headache, finding a decrease in headache frequency in patients who received chiropractic treatments over 3 months. These results suggest that chiropractic may be a treatment option in patients with cervicogenic headache.<\/p>\n<\/div>\t\t\t\t\t\t\t\t<\/div>\n\t\t\t\t<\/div>\n\t\t\t\t\t<\/div>\n\t\t<\/div>\n\t\t\t\t<div class=\"elementor-column elementor-col-33 elementor-top-column elementor-element elementor-element-463ac5b\" data-id=\"463ac5b\" data-element_type=\"column\">\n\t\t\t<div class=\"elementor-widget-wrap elementor-element-populated\">\n\t\t\t\t\t\t<div class=\"elementor-element elementor-element-5606749 elementor-hidden-mobile elementor-widget elementor-widget-image\" data-id=\"5606749\" data-element_type=\"widget\" data-widget_type=\"image.default\">\n\t\t\t\t<div class=\"elementor-widget-container\">\n\t\t\t\t\t\t\t\t\t\t\t\t\t\t\t<img fetchpriority=\"high\" decoding=\"async\" width=\"683\" height=\"1024\" src=\"https:\/\/clinicaduarteportas.pt\/wp-content\/uploads\/2023\/02\/dor-ombro-683x1024.jpg\" class=\"attachment-large size-large wp-image-3538 no-lazyload\" alt=\"Mulher a ver quiroprata devido a dor na articula\u00e7\u00e3o do ombro\" srcset=\"https:\/\/clinicaduarteportas.pt\/wp-content\/uploads\/2023\/02\/dor-ombro-683x1024.jpg 683w, https:\/\/clinicaduarteportas.pt\/wp-content\/uploads\/2023\/02\/dor-ombro-200x300.jpg 200w, https:\/\/clinicaduarteportas.pt\/wp-content\/uploads\/2023\/02\/dor-ombro-768x1152.jpg 768w, https:\/\/clinicaduarteportas.pt\/wp-content\/uploads\/2023\/02\/dor-ombro-1024x1536.jpg 1024w, https:\/\/clinicaduarteportas.pt\/wp-content\/uploads\/2023\/02\/dor-ombro-1366x2048.jpg 1366w, https:\/\/clinicaduarteportas.pt\/wp-content\/uploads\/2023\/02\/dor-ombro-8x12.jpg 8w, https:\/\/clinicaduarteportas.pt\/wp-content\/uploads\/2023\/02\/dor-ombro-scaled.jpg 1707w\" sizes=\"(max-width: 683px) 100vw, 683px\" \/>\t\t\t\t\t\t\t\t\t\t\t\t\t\t\t<\/div>\n\t\t\t\t<\/div>\n\t\t\t\t<div class=\"elementor-element elementor-element-a099d62 elementor-hidden-desktop elementor-hidden-tablet elementor-widget elementor-widget-image\" data-id=\"a099d62\" data-element_type=\"widget\" data-widget_type=\"image.default\">\n\t\t\t\t<div class=\"elementor-widget-container\">\n\t\t\t\t\t\t\t\t\t\t\t\t\t\t\t<img decoding=\"async\" width=\"1024\" height=\"683\" src=\"https:\/\/clinicaduarteportas.pt\/wp-content\/uploads\/2023\/02\/dor-costas-lombar-1024x683.jpg\" class=\"attachment-large size-large wp-image-3537 no-lazyload\" alt=\"Dor nas costas regi\u00e3o lombar - consultas quiropr\u00e1ticas para alivio da dor\" srcset=\"https:\/\/clinicaduarteportas.pt\/wp-content\/uploads\/2023\/02\/dor-costas-lombar-1024x683.jpg 1024w, https:\/\/clinicaduarteportas.pt\/wp-content\/uploads\/2023\/02\/dor-costas-lombar-300x200.jpg 300w, https:\/\/clinicaduarteportas.pt\/wp-content\/uploads\/2023\/02\/dor-costas-lombar-768x512.jpg 768w, https:\/\/clinicaduarteportas.pt\/wp-content\/uploads\/2023\/02\/dor-costas-lombar-1536x1024.jpg 1536w, https:\/\/clinicaduarteportas.pt\/wp-content\/uploads\/2023\/02\/dor-costas-lombar-2048x1365.jpg 2048w, https:\/\/clinicaduarteportas.pt\/wp-content\/uploads\/2023\/02\/dor-costas-lombar-18x12.jpg 18w\" sizes=\"(max-width: 1024px) 100vw, 1024px\" \/>\t\t\t\t\t\t\t\t\t\t\t\t\t\t\t<\/div>\n\t\t\t\t<\/div>\n\t\t\t\t\t<\/div>\n\t\t<\/div>\n\t\t\t\t\t<\/div>\n\t\t<\/section>\n\t\t\t\t<section class=\"elementor-section elementor-top-section elementor-element elementor-element-966f17f elementor-section-boxed elementor-section-height-default elementor-section-height-default\" data-id=\"966f17f\" data-element_type=\"section\">\n\t\t\t\t\t\t<div class=\"elementor-container elementor-column-gap-default\">\n\t\t\t\t\t<div class=\"elementor-column elementor-col-50 elementor-top-column elementor-element elementor-element-718ea7a\" data-id=\"718ea7a\" data-element_type=\"column\">\n\t\t\t<div class=\"elementor-widget-wrap elementor-element-populated\">\n\t\t\t\t\t\t<div class=\"elementor-element elementor-element-7450966 elementor-widget elementor-widget-image\" data-id=\"7450966\" data-element_type=\"widget\" data-widget_type=\"image.default\">\n\t\t\t\t<div class=\"elementor-widget-container\">\n\t\t\t\t\t\t\t\t\t\t\t\t\t\t\t<img decoding=\"async\" width=\"1024\" height=\"769\" src=\"https:\/\/clinicaduarteportas.pt\/wp-content\/uploads\/2023\/02\/quiropratica-ajuste-pescoco-1024x769.jpg\" class=\"attachment-large size-large wp-image-3527 no-lazyload\" alt=\"Profissional quiroprata a realizar ajuste quiropr\u00e1tico para dor cervical e de pesco\u00e7o em jovem mulher\" srcset=\"https:\/\/clinicaduarteportas.pt\/wp-content\/uploads\/2023\/02\/quiropratica-ajuste-pescoco-1024x769.jpg 1024w, https:\/\/clinicaduarteportas.pt\/wp-content\/uploads\/2023\/02\/quiropratica-ajuste-pescoco-300x225.jpg 300w, https:\/\/clinicaduarteportas.pt\/wp-content\/uploads\/2023\/02\/quiropratica-ajuste-pescoco-768x577.jpg 768w, https:\/\/clinicaduarteportas.pt\/wp-content\/uploads\/2023\/02\/quiropratica-ajuste-pescoco-16x12.jpg 16w, https:\/\/clinicaduarteportas.pt\/wp-content\/uploads\/2023\/02\/quiropratica-ajuste-pescoco.jpg 1116w\" sizes=\"(max-width: 1024px) 100vw, 1024px\" \/>\t\t\t\t\t\t\t\t\t\t\t\t\t\t\t<\/div>\n\t\t\t\t<\/div>\n\t\t\t\t\t<\/div>\n\t\t<\/div>\n\t\t\t\t<div class=\"elementor-column elementor-col-50 elementor-top-column elementor-element elementor-element-66152e5\" data-id=\"66152e5\" data-element_type=\"column\">\n\t\t\t<div class=\"elementor-widget-wrap elementor-element-populated\">\n\t\t\t\t\t\t<div class=\"elementor-element elementor-element-6db5c6a elementor-widget elementor-widget-image\" data-id=\"6db5c6a\" data-element_type=\"widget\" data-widget_type=\"image.default\">\n\t\t\t\t<div class=\"elementor-widget-container\">\n\t\t\t\t\t\t\t\t\t\t\t\t\t\t\t<img loading=\"lazy\" decoding=\"async\" width=\"1024\" height=\"768\" src=\"https:\/\/clinicaduarteportas.pt\/wp-content\/uploads\/2023\/02\/quiropratica-ombro-1024x768.jpg\" class=\"attachment-large size-large wp-image-3528 no-lazyload\" alt=\"Quiropr\u00e1tica, tamb\u00e9m conhecido como quiropraxia, em homem com dor no ombro\" srcset=\"https:\/\/clinicaduarteportas.pt\/wp-content\/uploads\/2023\/02\/quiropratica-ombro-1024x768.jpg 1024w, https:\/\/clinicaduarteportas.pt\/wp-content\/uploads\/2023\/02\/quiropratica-ombro-300x225.jpg 300w, https:\/\/clinicaduarteportas.pt\/wp-content\/uploads\/2023\/02\/quiropratica-ombro-768x576.jpg 768w, https:\/\/clinicaduarteportas.pt\/wp-content\/uploads\/2023\/02\/quiropratica-ombro-16x12.jpg 16w, https:\/\/clinicaduarteportas.pt\/wp-content\/uploads\/2023\/02\/quiropratica-ombro.jpg 1116w\" sizes=\"(max-width: 1024px) 100vw, 1024px\" \/>\t\t\t\t\t\t\t\t\t\t\t\t\t\t\t<\/div>\n\t\t\t\t<\/div>\n\t\t\t\t\t<\/div>\n\t\t<\/div>\n\t\t\t\t\t<\/div>\n\t\t<\/section>\n\t\t\t\t<section class=\"elementor-section elementor-top-section elementor-element elementor-element-46a3376 elementor-section-boxed elementor-section-height-default elementor-section-height-default\" data-id=\"46a3376\" data-element_type=\"section\">\n\t\t\t\t\t\t<div class=\"elementor-container elementor-column-gap-default\">\n\t\t\t\t\t<div class=\"elementor-column elementor-col-100 elementor-top-column elementor-element elementor-element-c801267\" data-id=\"c801267\" data-element_type=\"column\">\n\t\t\t<div class=\"elementor-widget-wrap elementor-element-populated\">\n\t\t\t\t\t\t<div class=\"elementor-element elementor-element-80f9ce1 elementor-widget elementor-widget-heading\" data-id=\"80f9ce1\" data-element_type=\"widget\" data-widget_type=\"heading.default\">\n\t\t\t\t<div class=\"elementor-widget-container\">\n\t\t\t\t\t<h2 class=\"elementor-heading-title elementor-size-default\">Other areas<br><\/h2>\t\t\t\t<\/div>\n\t\t\t\t<\/div>\n\t\t\t\t\t<\/div>\n\t\t<\/div>\n\t\t\t\t\t<\/div>\n\t\t<\/section>\n\t\t\t\t<section class=\"elementor-section elementor-top-section elementor-element elementor-element-9d7254e elementor-section-content-middle animated-slow elementor-section-boxed elementor-section-height-default elementor-section-height-default elementor-invisible\" data-id=\"9d7254e\" data-element_type=\"section\" data-settings=\"{&quot;animation&quot;:&quot;fadeIn&quot;}\">\n\t\t\t\t\t\t<div class=\"elementor-container elementor-column-gap-narrow\">\n\t\t\t\t\t<div class=\"elementor-column elementor-col-16 elementor-top-column elementor-element elementor-element-2d62c5b clickable\" data-id=\"2d62c5b\" data-element_type=\"column\" data-settings=\"{&quot;background_background&quot;:&quot;classic&quot;,&quot;animation&quot;:&quot;none&quot;}\">\n\t\t\t<div class=\"elementor-widget-wrap elementor-element-populated\">\n\t\t\t\t\t<div class=\"elementor-background-overlay\"><\/div>\n\t\t\t\t\t\t<div class=\"elementor-element elementor-element-73fcf21 elementor-widget elementor-widget-heading\" data-id=\"73fcf21\" data-element_type=\"widget\" data-widget_type=\"heading.default\">\n\t\t\t\t<div class=\"elementor-widget-container\">\n\t\t\t\t\t<h3 class=\"elementor-heading-title elementor-size-default\"><a href=\"https:\/\/clinicaduarteportas.pt\/en\/quiropratica-gravidez\/\">Pregnancy<\/a><\/h3>\t\t\t\t<\/div>\n\t\t\t\t<\/div>\n\t\t\t\t\t<\/div>\n\t\t<\/div>\n\t\t\t\t<div class=\"elementor-column elementor-col-16 elementor-top-column elementor-element elementor-element-704d1b6 clickable\" data-id=\"704d1b6\" data-element_type=\"column\" data-settings=\"{&quot;background_background&quot;:&quot;classic&quot;,&quot;animation&quot;:&quot;none&quot;}\">\n\t\t\t<div class=\"elementor-widget-wrap elementor-element-populated\">\n\t\t\t\t\t<div class=\"elementor-background-overlay\"><\/div>\n\t\t\t\t\t\t<div class=\"elementor-element elementor-element-7a978b9 elementor-widget elementor-widget-heading\" data-id=\"7a978b9\" data-element_type=\"widget\" data-widget_type=\"heading.default\">\n\t\t\t\t<div class=\"elementor-widget-container\">\n\t\t\t\t\t<h3 class=\"elementor-heading-title elementor-size-default\"><a href=\"https:\/\/clinicaduarteportas.pt\/en\/quiropratica-bebes-criancas\/\">Babies and children<\/a><\/h3>\t\t\t\t<\/div>\n\t\t\t\t<\/div>\n\t\t\t\t\t<\/div>\n\t\t<\/div>\n\t\t\t\t<div class=\"elementor-column elementor-col-16 elementor-top-column elementor-element elementor-element-2491d41 clickable\" data-id=\"2491d41\" data-element_type=\"column\" data-settings=\"{&quot;background_background&quot;:&quot;classic&quot;,&quot;animation&quot;:&quot;none&quot;}\">\n\t\t\t<div class=\"elementor-widget-wrap elementor-element-populated\">\n\t\t\t\t\t<div class=\"elementor-background-overlay\"><\/div>\n\t\t\t\t\t\t<div class=\"elementor-element elementor-element-57086f8 elementor-widget elementor-widget-heading\" data-id=\"57086f8\" data-element_type=\"widget\" data-widget_type=\"heading.default\">\n\t\t\t\t<div class=\"elementor-widget-container\">\n\t\t\t\t\t<h3 class=\"elementor-heading-title elementor-size-default\"><a href=\"https:\/\/clinicaduarteportas.pt\/en\/quiropratica-envelhecer-com-saude\/\">Healthy aging<\/a><\/h3>\t\t\t\t<\/div>\n\t\t\t\t<\/div>\n\t\t\t\t\t<\/div>\n\t\t<\/div>\n\t\t\t\t<div class=\"elementor-column elementor-col-16 elementor-top-column elementor-element elementor-element-45e0274 clickable elementor-invisible\" data-id=\"45e0274\" data-element_type=\"column\" data-settings=\"{&quot;background_background&quot;:&quot;classic&quot;,&quot;animation&quot;:&quot;fadeIn&quot;}\">\n\t\t\t<div class=\"elementor-widget-wrap elementor-element-populated\">\n\t\t\t\t\t<div class=\"elementor-background-overlay\"><\/div>\n\t\t\t\t\t\t<div class=\"elementor-element elementor-element-71d9e3f elementor-widget elementor-widget-heading\" data-id=\"71d9e3f\" data-element_type=\"widget\" data-settings=\"{&quot;_animation&quot;:&quot;none&quot;}\" data-widget_type=\"heading.default\">\n\t\t\t\t<div class=\"elementor-widget-container\">\n\t\t\t\t\t<h3 class=\"elementor-heading-title elementor-size-default\">Pathologies<\/h3>\t\t\t\t<\/div>\n\t\t\t\t<\/div>\n\t\t\t\t\t<\/div>\n\t\t<\/div>\n\t\t\t\t<div class=\"elementor-column elementor-col-16 elementor-top-column elementor-element elementor-element-70d8fac clickable\" data-id=\"70d8fac\" data-element_type=\"column\" data-settings=\"{&quot;background_background&quot;:&quot;classic&quot;,&quot;animation&quot;:&quot;none&quot;}\">\n\t\t\t<div class=\"elementor-widget-wrap elementor-element-populated\">\n\t\t\t\t\t<div class=\"elementor-background-overlay\"><\/div>\n\t\t\t\t\t\t<div class=\"elementor-element elementor-element-e8e8afe elementor-widget elementor-widget-heading\" data-id=\"e8e8afe\" data-element_type=\"widget\" data-widget_type=\"heading.default\">\n\t\t\t\t<div class=\"elementor-widget-container\">\n\t\t\t\t\t<h3 class=\"elementor-heading-title elementor-size-default\"><a href=\"https:\/\/clinicaduarteportas.pt\/en\/quiropratica-desporto\/\">Sports<\/a><\/h3>\t\t\t\t<\/div>\n\t\t\t\t<\/div>\n\t\t\t\t\t<\/div>\n\t\t<\/div>\n\t\t\t\t<div class=\"elementor-column elementor-col-16 elementor-top-column elementor-element elementor-element-a8432e0 clickable\" data-id=\"a8432e0\" data-element_type=\"column\" data-settings=\"{&quot;background_background&quot;:&quot;classic&quot;,&quot;animation&quot;:&quot;none&quot;}\">\n\t\t\t<div class=\"elementor-widget-wrap elementor-element-populated\">\n\t\t\t\t\t<div class=\"elementor-background-overlay\"><\/div>\n\t\t\t\t\t\t<div class=\"elementor-element elementor-element-ee47018 elementor-widget elementor-widget-heading\" data-id=\"ee47018\" data-element_type=\"widget\" data-widget_type=\"heading.default\">\n\t\t\t\t<div class=\"elementor-widget-container\">\n\t\t\t\t\t<h3 class=\"elementor-heading-title elementor-size-default\"><a href=\"https:\/\/clinicaduarteportas.pt\/en\/quiropratica-bem-estar\/\">Well-being<\/a><\/h3>\t\t\t\t<\/div>\n\t\t\t\t<\/div>\n\t\t\t\t\t<\/div>\n\t\t<\/div>\n\t\t\t\t\t<\/div>\n\t\t<\/section>\n\t\t\t\t<section class=\"elementor-section elementor-top-section elementor-element elementor-element-665123e elementor-section-boxed elementor-section-height-default elementor-section-height-default\" data-id=\"665123e\" data-element_type=\"section\">\n\t\t\t\t\t\t<div class=\"elementor-container elementor-column-gap-default\">\n\t\t\t\t\t<div class=\"elementor-column elementor-col-100 elementor-top-column elementor-element elementor-element-f537f5f\" data-id=\"f537f5f\" data-element_type=\"column\">\n\t\t\t<div class=\"elementor-widget-wrap elementor-element-populated\">\n\t\t\t\t\t\t<div class=\"elementor-element elementor-element-ff6679f elementor-widget elementor-widget-heading\" data-id=\"ff6679f\" data-element_type=\"widget\" data-widget_type=\"heading.default\">\n\t\t\t\t<div class=\"elementor-widget-container\">\n\t\t\t\t\t<h6 class=\"elementor-heading-title elementor-size-default\">References:<\/h6>\t\t\t\t<\/div>\n\t\t\t\t<\/div>\n\t\t\t\t<div class=\"elementor-element elementor-element-ff4ee3e elementor-widget elementor-widget-text-editor\" data-id=\"ff4ee3e\" data-element_type=\"widget\" data-widget_type=\"text-editor.default\">\n\t\t\t\t<div class=\"elementor-widget-container\">\n\t\t\t\t\t\t\t\t\t<hr \/><p><span style=\"font-size: 15px;\">(1) <\/span><a href=\"https:\/\/pubmed.ncbi.nlm.nih.gov\/27040033\/\" target=\"_blank\" rel=\"noopener\"><i style=\"font-size: 15px;\">Peterson C.\u00a0et al. 2016. Symptomatic, Magnetic Resonance Imaging-Confirmed Cervical Disk Herniation Patients: A Comparative-Effectiveness Prospective Observational Study of 2 Age- and Sex-Matched Cohorts Treated With Either Imaging-Guided Indirect Cervical Nerve Root Injections or Spinal Manipulative Therapy. JMPT. 39(3):210-7.<\/i><\/a><\/p><p><span style=\"font-size: 15px;\">(2) <\/span><a href=\"https:\/\/pubmed.ncbi.nlm.nih.gov\/28738895\/\" target=\"_blank\" rel=\"noopener\"><i style=\"font-size: 15px;\">Chaibi A., et al. Chiropractic spinal manipulative therapy for cervicogenic headache: a single-blinded, placebo, randomized controlled trial.( 2017). BMC Res Notes.10(1):310.<\/i><\/a><\/p>\t\t\t\t\t\t\t\t<\/div>\n\t\t\t\t<\/div>\n\t\t\t\t\t<\/div>\n\t\t<\/div>\n\t\t\t\t\t<\/div>\n\t\t<\/section>\n\t\t\t\t<\/div>","protected":false},"excerpt":{"rendered":"<p>QUIROPR\u00c1TICA para Patologias O nosso corpo, quando em pleno funcionamento, tem a capacidade inata de se curar e recuperar dos desafios que enfrentamos. No entanto, esta capacidade \u00e9 diminu\u00edda quando existem interfer\u00eancias ao seu pleno funcionamento. A Quiropr\u00e1tica n\u00e3o se foca em mascarar sintomas ou &#8220;curar&#8221; doen\u00e7as e les\u00f5es diretamente, mas sim garantir o equil\u00edbrio [&hellip;]<\/p>","protected":false},"author":1,"featured_media":0,"parent":0,"menu_order":0,"comment_status":"closed","ping_status":"closed","template":"","meta":{"_monsterinsights_skip_tracking":false,"_monsterinsights_sitenote_active":false,"_monsterinsights_sitenote_note":"","_monsterinsights_sitenote_category":0,"ocean_post_layout":"full-screen","ocean_both_sidebars_style":"","ocean_both_sidebars_content_width":0,"ocean_both_sidebars_sidebars_width":0,"ocean_sidebar":"0","ocean_second_sidebar":"0","ocean_disable_margins":"enable","ocean_add_body_class":"","ocean_shortcode_before_top_bar":"","ocean_shortcode_after_top_bar":"","ocean_shortcode_before_header":"","ocean_shortcode_after_header":"","ocean_has_shortcode":"","ocean_shortcode_after_title":"","ocean_shortcode_before_footer_widgets":"","ocean_shortcode_after_footer_widgets":"","ocean_shortcode_before_footer_bottom":"","ocean_shortcode_after_footer_bottom":"","ocean_display_top_bar":"default","ocean_display_header":"default","ocean_header_style":"","ocean_center_header_left_menu":"0","ocean_custom_header_template":"0","ocean_custom_logo":0,"ocean_custom_retina_logo":0,"ocean_custom_logo_max_width":0,"ocean_custom_logo_tablet_max_width":0,"ocean_custom_logo_mobile_max_width":0,"ocean_custom_logo_max_height":0,"ocean_custom_logo_tablet_max_height":0,"ocean_custom_logo_mobile_max_height":0,"ocean_header_custom_menu":"0","ocean_menu_typo_font_family":"0","ocean_menu_typo_font_subset":"","ocean_menu_typo_font_size":0,"ocean_menu_typo_font_size_tablet":0,"ocean_menu_typo_font_size_mobile":0,"ocean_menu_typo_font_size_unit":"px","ocean_menu_typo_font_weight":"","ocean_menu_typo_font_weight_tablet":"","ocean_menu_typo_font_weight_mobile":"","ocean_menu_typo_transform":"","ocean_menu_typo_transform_tablet":"","ocean_menu_typo_transform_mobile":"","ocean_menu_typo_line_height":0,"ocean_menu_typo_line_height_tablet":0,"ocean_menu_typo_line_height_mobile":0,"ocean_menu_typo_line_height_unit":"","ocean_menu_typo_spacing":0,"ocean_menu_typo_spacing_tablet":0,"ocean_menu_typo_spacing_mobile":0,"ocean_menu_typo_spacing_unit":"","ocean_menu_link_color":"","ocean_menu_link_color_hover":"","ocean_menu_link_color_active":"","ocean_menu_link_background":"","ocean_menu_link_hover_background":"","ocean_menu_link_active_background":"","ocean_menu_social_links_bg":"","ocean_menu_social_hover_links_bg":"","ocean_menu_social_links_color":"","ocean_menu_social_hover_links_color":"","ocean_disable_title":"on","ocean_disable_heading":"default","ocean_post_title":"","ocean_post_subheading":"","ocean_post_title_style":"","ocean_post_title_background_color":"","ocean_post_title_background":0,"ocean_post_title_bg_image_position":"","ocean_post_title_bg_image_attachment":"","ocean_post_title_bg_image_repeat":"","ocean_post_title_bg_image_size":"","ocean_post_title_height":0,"ocean_post_title_bg_overlay":0.5,"ocean_post_title_bg_overlay_color":"","ocean_disable_breadcrumbs":"default","ocean_breadcrumbs_color":"","ocean_breadcrumbs_separator_color":"","ocean_breadcrumbs_links_color":"","ocean_breadcrumbs_links_hover_color":"","ocean_display_footer_widgets":"default","ocean_display_footer_bottom":"default","ocean_custom_footer_template":"0","footnotes":""},"class_list":["post-1552","page","type-page","status-publish","hentry","entry"],"aioseo_notices":[],"_links":{"self":[{"href":"https:\/\/clinicaduarteportas.pt\/en\/wp-json\/wp\/v2\/pages\/1552","targetHints":{"allow":["GET"]}}],"collection":[{"href":"https:\/\/clinicaduarteportas.pt\/en\/wp-json\/wp\/v2\/pages"}],"about":[{"href":"https:\/\/clinicaduarteportas.pt\/en\/wp-json\/wp\/v2\/types\/page"}],"author":[{"embeddable":true,"href":"https:\/\/clinicaduarteportas.pt\/en\/wp-json\/wp\/v2\/users\/1"}],"replies":[{"embeddable":true,"href":"https:\/\/clinicaduarteportas.pt\/en\/wp-json\/wp\/v2\/comments?post=1552"}],"version-history":[{"count":3,"href":"https:\/\/clinicaduarteportas.pt\/en\/wp-json\/wp\/v2\/pages\/1552\/revisions"}],"predecessor-version":[{"id":4143,"href":"https:\/\/clinicaduarteportas.pt\/en\/wp-json\/wp\/v2\/pages\/1552\/revisions\/4143"}],"wp:attachment":[{"href":"https:\/\/clinicaduarteportas.pt\/en\/wp-json\/wp\/v2\/media?parent=1552"}],"curies":[{"name":"wp","href":"https:\/\/api.w.org\/{rel}","templated":true}]}}