{"id":1551,"date":"2023-02-03T18:22:47","date_gmt":"2023-02-03T18:22:47","guid":{"rendered":"https:\/\/clinicaduarteportas.pt\/?page_id=1551"},"modified":"2023-09-01T16:19:06","modified_gmt":"2023-09-01T16:19:06","slug":"quiropratica-bebes-criancas","status":"publish","type":"page","link":"https:\/\/clinicaduarteportas.pt\/en\/quiropratica-bebes-criancas\/","title":{"rendered":"Babies and children"},"content":{"rendered":"<div data-elementor-type=\"wp-page\" data-elementor-id=\"1551\" class=\"elementor elementor-1551\">\n\t\t\t\t\t\t<section class=\"elementor-section elementor-top-section elementor-element elementor-element-d38f54a elementor-section-boxed elementor-section-height-default elementor-section-height-default\" data-id=\"d38f54a\" data-element_type=\"section\">\n\t\t\t\t\t\t<div class=\"elementor-container elementor-column-gap-default\">\n\t\t\t\t\t<div class=\"elementor-column elementor-col-100 elementor-top-column elementor-element elementor-element-4ed1fca\" data-id=\"4ed1fca\" data-element_type=\"column\">\n\t\t\t<div class=\"elementor-widget-wrap elementor-element-populated\">\n\t\t\t\t\t\t<div class=\"elementor-element elementor-element-7123069 elementor-widget elementor-widget-heading\" data-id=\"7123069\" data-element_type=\"widget\" data-widget_type=\"heading.default\">\n\t\t\t\t<div class=\"elementor-widget-container\">\n\t\t\t\t\t<h1 class=\"elementor-heading-title elementor-size-default\"><span style=\"font-family: Lato; font-size: 32px; font-style: normal; font-variant-ligatures: normal; font-variant-caps: normal; font-weight: 600;\">QUIROPR\u00c1TICA para <\/span>Babies and children<\/h1>\t\t\t\t<\/div>\n\t\t\t\t<\/div>\n\t\t\t\t\t<\/div>\n\t\t<\/div>\n\t\t\t\t\t<\/div>\n\t\t<\/section>\n\t\t\t\t<section class=\"elementor-section elementor-top-section elementor-element elementor-element-1f167af elementor-reverse-mobile elementor-section-boxed elementor-section-height-default elementor-section-height-default\" data-id=\"1f167af\" data-element_type=\"section\">\n\t\t\t\t\t\t<div class=\"elementor-container elementor-column-gap-default\">\n\t\t\t\t\t<div class=\"elementor-column elementor-col-66 elementor-top-column elementor-element elementor-element-11114e4\" data-id=\"11114e4\" data-element_type=\"column\">\n\t\t\t<div class=\"elementor-widget-wrap elementor-element-populated\">\n\t\t\t\t\t\t<div class=\"elementor-element elementor-element-edc9963 elementor-widget elementor-widget-text-editor\" data-id=\"edc9963\" data-element_type=\"widget\" data-widget_type=\"text-editor.default\">\n\t\t\t\t<div class=\"elementor-widget-container\">\n\t\t\t\t\t\t\t\t\t<p>The first chiropractic appointment can be done from the very first days of your baby's life.<\/p><p>From the very first moments of our children's lives we worry about ensuring their health, well-being and healthy growth. We take them to the pediatrician, the dentist, the ophthalmologist. Among all these check-ups, the one of the spine and nervous system should not be forgotten.<\/p><p>It is during the first years of life that the greatest development of our spine and nervous system occurs. For this reason, many spinal health related problems we experience as adults actually originate in the early stages of life.<\/p><p>The first vertebral subluxations usually occur early in the womb due to the position of the baby, or at the time of delivery, and can lead to symptoms occurring or worsening from the very first days:<\/p><ul style=\"font-variant-ligatures: normal; font-variant-caps: normal; font-family: Merriweather; font-size: 15px; font-style: normal; font-weight: 400;\"><li style=\"font-size: 15px; font-weight: 400;\" aria-level=\"1\"><span style=\"font-size: 15px; font-weight: 400;\">Colic<\/span><\/li><li style=\"font-size: 15px; font-weight: 400;\" aria-level=\"1\"><span style=\"font-size: 15px; font-weight: 400;\">Otitis<\/span><\/li><li style=\"font-size: 15px; font-weight: 400;\" aria-level=\"1\"><span style=\"font-size: 15px; font-weight: 400;\">Intestinal problems<\/span><\/li><li style=\"font-size: 15px; font-weight: 400;\" aria-level=\"1\"><span style=\"font-size: 15px; font-weight: 400;\">Respiratory problems<\/span><\/li><li style=\"font-size: 15px; font-weight: 400;\" aria-level=\"1\"><span style=\"font-size: 15px; font-weight: 400;\">Difficulty moving the head, often translated into difficulty in being breast feeded from one side<br \/><\/span><\/li><li style=\"font-size: 15px; font-weight: 400;\" aria-level=\"1\"><span style=\"font-size: 15px; font-weight: 400;\">Difficulty in motor development<\/span><\/li><\/ul>\t\t\t\t\t\t\t\t<\/div>\n\t\t\t\t<\/div>\n\t\t\t\t<div class=\"elementor-element elementor-element-590e639 elementor-hidden-desktop elementor-hidden-tablet elementor-widget elementor-widget-image\" data-id=\"590e639\" data-element_type=\"widget\" data-widget_type=\"image.default\">\n\t\t\t\t<div class=\"elementor-widget-container\">\n\t\t\t\t\t\t\t\t\t\t\t\t\t\t\t<img fetchpriority=\"high\" decoding=\"async\" width=\"1024\" height=\"767\" src=\"https:\/\/clinicaduarteportas.pt\/wp-content\/uploads\/2023\/02\/quiropratica-bebe-1024x767.jpg\" class=\"attachment-large size-large wp-image-3525 no-lazyload\" alt=\"Quiroprata a ajustar beb\u00e9 na cl\u00ednica quiropr\u00e1tica Duarte Portas Lisboa\" srcset=\"https:\/\/clinicaduarteportas.pt\/wp-content\/uploads\/2023\/02\/quiropratica-bebe-1024x767.jpg 1024w, https:\/\/clinicaduarteportas.pt\/wp-content\/uploads\/2023\/02\/quiropratica-bebe-300x225.jpg 300w, https:\/\/clinicaduarteportas.pt\/wp-content\/uploads\/2023\/02\/quiropratica-bebe-768x575.jpg 768w, https:\/\/clinicaduarteportas.pt\/wp-content\/uploads\/2023\/02\/quiropratica-bebe-16x12.jpg 16w, https:\/\/clinicaduarteportas.pt\/wp-content\/uploads\/2023\/02\/quiropratica-bebe.jpg 1201w\" sizes=\"(max-width: 1024px) 100vw, 1024px\" \/>\t\t\t\t\t\t\t\t\t\t\t\t\t\t\t<\/div>\n\t\t\t\t<\/div>\n\t\t\t\t<div class=\"elementor-element elementor-element-0623dc0 elementor-widget elementor-widget-text-editor\" data-id=\"0623dc0\" data-element_type=\"widget\" data-widget_type=\"text-editor.default\">\n\t\t\t\t<div class=\"elementor-widget-container\">\n\t\t\t\t\t\t\t\t\t<p>Throughout their growth, there are many more situations in which children can suffer subluxations: from learning how to walk to riding a bike, all the falls while playing, the heavy backpacks they carry to school, or adopting bad postures for long periods of time. Ensuring that our children's spines remain fully functioning promotes not only development for a healthy future life, but also prevention and recovery from the challenges they typically face at this age - such as injury, low immunity, or respiratory problems.<\/p>\t\t\t\t\t\t\t\t<\/div>\n\t\t\t\t<\/div>\n\t\t\t\t<div class=\"elementor-element elementor-element-dd9bda3 elementor-widget elementor-widget-text-editor\" data-id=\"dd9bda3\" data-element_type=\"widget\" data-widget_type=\"text-editor.default\">\n\t\t\t\t<div class=\"elementor-widget-container\">\n\t\t\t\t\t\t\t\t\t<p>Chiropractic, through gentle techniques adapted to each baby and child, helps not only to overcome symptoms, but to have an optimal and healthy development throughout all stages of their life - from 0 to 99 years.<\/p>\t\t\t\t\t\t\t\t<\/div>\n\t\t\t\t<\/div>\n\t\t\t\t\t<\/div>\n\t\t<\/div>\n\t\t\t\t<div class=\"elementor-column elementor-col-33 elementor-top-column elementor-element elementor-element-0d699b6\" data-id=\"0d699b6\" data-element_type=\"column\">\n\t\t\t<div class=\"elementor-widget-wrap elementor-element-populated\">\n\t\t\t\t\t\t<div class=\"elementor-element elementor-element-670490b elementor-hidden-mobile elementor-widget elementor-widget-image\" data-id=\"670490b\" data-element_type=\"widget\" data-widget_type=\"image.default\">\n\t\t\t\t<div class=\"elementor-widget-container\">\n\t\t\t\t\t\t\t\t\t\t\t\t\t\t\t<img decoding=\"async\" width=\"683\" height=\"1024\" src=\"https:\/\/clinicaduarteportas.pt\/wp-content\/uploads\/2023\/02\/menino-bebe-683x1024.jpg\" class=\"attachment-large size-large wp-image-3536 no-lazyload\" alt=\"Beb\u00e9 a gatinhar feliz - consultas quiropr\u00e1ticas para crian\u00e7as e beb\u00e9s\" srcset=\"https:\/\/clinicaduarteportas.pt\/wp-content\/uploads\/2023\/02\/menino-bebe-683x1024.jpg 683w, https:\/\/clinicaduarteportas.pt\/wp-content\/uploads\/2023\/02\/menino-bebe-200x300.jpg 200w, https:\/\/clinicaduarteportas.pt\/wp-content\/uploads\/2023\/02\/menino-bebe-768x1152.jpg 768w, https:\/\/clinicaduarteportas.pt\/wp-content\/uploads\/2023\/02\/menino-bebe-1024x1536.jpg 1024w, https:\/\/clinicaduarteportas.pt\/wp-content\/uploads\/2023\/02\/menino-bebe-1365x2048.jpg 1365w, https:\/\/clinicaduarteportas.pt\/wp-content\/uploads\/2023\/02\/menino-bebe-8x12.jpg 8w, https:\/\/clinicaduarteportas.pt\/wp-content\/uploads\/2023\/02\/menino-bebe-scaled.jpg 1707w\" sizes=\"(max-width: 683px) 100vw, 683px\" \/>\t\t\t\t\t\t\t\t\t\t\t\t\t\t\t<\/div>\n\t\t\t\t<\/div>\n\t\t\t\t<div class=\"elementor-element elementor-element-81042c0 elementor-hidden-desktop elementor-hidden-tablet elementor-widget elementor-widget-image\" data-id=\"81042c0\" data-element_type=\"widget\" data-widget_type=\"image.default\">\n\t\t\t\t<div class=\"elementor-widget-container\">\n\t\t\t\t\t\t\t\t\t\t\t\t\t\t\t<img decoding=\"async\" width=\"1024\" height=\"683\" src=\"https:\/\/clinicaduarteportas.pt\/wp-content\/uploads\/2023\/02\/crianca-bebe-1024x683.jpg\" class=\"attachment-large size-large wp-image-3535 no-lazyload\" alt=\"Irm\u00e3os beb\u00e9 e crian\u00e7a deitados felizes - consultas quiropr\u00e1ticas para crian\u00e7as e beb\u00e9s\" srcset=\"https:\/\/clinicaduarteportas.pt\/wp-content\/uploads\/2023\/02\/crianca-bebe-1024x683.jpg 1024w, https:\/\/clinicaduarteportas.pt\/wp-content\/uploads\/2023\/02\/crianca-bebe-300x200.jpg 300w, https:\/\/clinicaduarteportas.pt\/wp-content\/uploads\/2023\/02\/crianca-bebe-768x512.jpg 768w, https:\/\/clinicaduarteportas.pt\/wp-content\/uploads\/2023\/02\/crianca-bebe-1536x1024.jpg 1536w, https:\/\/clinicaduarteportas.pt\/wp-content\/uploads\/2023\/02\/crianca-bebe-2048x1365.jpg 2048w, https:\/\/clinicaduarteportas.pt\/wp-content\/uploads\/2023\/02\/crianca-bebe-18x12.jpg 18w\" sizes=\"(max-width: 1024px) 100vw, 1024px\" \/>\t\t\t\t\t\t\t\t\t\t\t\t\t\t\t<\/div>\n\t\t\t\t<\/div>\n\t\t\t\t\t<\/div>\n\t\t<\/div>\n\t\t\t\t\t<\/div>\n\t\t<\/section>\n\t\t\t\t<section class=\"elementor-section elementor-top-section elementor-element elementor-element-71cc5e2 elementor-section-boxed elementor-section-height-default elementor-section-height-default\" data-id=\"71cc5e2\" data-element_type=\"section\">\n\t\t\t\t\t\t<div class=\"elementor-container elementor-column-gap-default\">\n\t\t\t\t\t<div class=\"elementor-column elementor-col-50 elementor-top-column elementor-element elementor-element-fc02b82\" data-id=\"fc02b82\" data-element_type=\"column\">\n\t\t\t<div class=\"elementor-widget-wrap elementor-element-populated\">\n\t\t\t\t\t\t<div class=\"elementor-element elementor-element-bbde20b elementor-widget elementor-widget-image\" data-id=\"bbde20b\" data-element_type=\"widget\" data-widget_type=\"image.default\">\n\t\t\t\t<div class=\"elementor-widget-container\">\n\t\t\t\t\t\t\t\t\t\t\t\t\t\t\t<img loading=\"lazy\" decoding=\"async\" width=\"1024\" height=\"766\" src=\"https:\/\/clinicaduarteportas.pt\/wp-content\/uploads\/2023\/02\/quiropratica-crianca-1024x766.jpg\" class=\"attachment-large size-large wp-image-3526 no-lazyload\" alt=\"Quiropr\u00e1tico, ou quiroprata, a ajustar o pesco\u00e7o a crian\u00e7a pequena\" srcset=\"https:\/\/clinicaduarteportas.pt\/wp-content\/uploads\/2023\/02\/quiropratica-crianca-1024x766.jpg 1024w, https:\/\/clinicaduarteportas.pt\/wp-content\/uploads\/2023\/02\/quiropratica-crianca-300x224.jpg 300w, https:\/\/clinicaduarteportas.pt\/wp-content\/uploads\/2023\/02\/quiropratica-crianca-768x575.jpg 768w, https:\/\/clinicaduarteportas.pt\/wp-content\/uploads\/2023\/02\/quiropratica-crianca-16x12.jpg 16w, https:\/\/clinicaduarteportas.pt\/wp-content\/uploads\/2023\/02\/quiropratica-crianca.jpg 1040w\" sizes=\"(max-width: 1024px) 100vw, 1024px\" \/>\t\t\t\t\t\t\t\t\t\t\t\t\t\t\t<\/div>\n\t\t\t\t<\/div>\n\t\t\t\t\t<\/div>\n\t\t<\/div>\n\t\t\t\t<div class=\"elementor-column elementor-col-50 elementor-top-column elementor-element elementor-element-faab9dc elementor-hidden-mobile\" data-id=\"faab9dc\" data-element_type=\"column\">\n\t\t\t<div class=\"elementor-widget-wrap elementor-element-populated\">\n\t\t\t\t\t\t<div class=\"elementor-element elementor-element-e4264cf elementor-widget elementor-widget-image\" data-id=\"e4264cf\" data-element_type=\"widget\" data-widget_type=\"image.default\">\n\t\t\t\t<div class=\"elementor-widget-container\">\n\t\t\t\t\t\t\t\t\t\t\t\t\t\t\t<img fetchpriority=\"high\" decoding=\"async\" width=\"1024\" height=\"767\" src=\"https:\/\/clinicaduarteportas.pt\/wp-content\/uploads\/2023\/02\/quiropratica-bebe-1024x767.jpg\" class=\"attachment-large size-large wp-image-3525 no-lazyload\" alt=\"Quiroprata a ajustar beb\u00e9 na cl\u00ednica quiropr\u00e1tica Duarte Portas Lisboa\" srcset=\"https:\/\/clinicaduarteportas.pt\/wp-content\/uploads\/2023\/02\/quiropratica-bebe-1024x767.jpg 1024w, https:\/\/clinicaduarteportas.pt\/wp-content\/uploads\/2023\/02\/quiropratica-bebe-300x225.jpg 300w, https:\/\/clinicaduarteportas.pt\/wp-content\/uploads\/2023\/02\/quiropratica-bebe-768x575.jpg 768w, https:\/\/clinicaduarteportas.pt\/wp-content\/uploads\/2023\/02\/quiropratica-bebe-16x12.jpg 16w, https:\/\/clinicaduarteportas.pt\/wp-content\/uploads\/2023\/02\/quiropratica-bebe.jpg 1201w\" sizes=\"(max-width: 1024px) 100vw, 1024px\" \/>\t\t\t\t\t\t\t\t\t\t\t\t\t\t\t<\/div>\n\t\t\t\t<\/div>\n\t\t\t\t\t<\/div>\n\t\t<\/div>\n\t\t\t\t\t<\/div>\n\t\t<\/section>\n\t\t\t\t<section class=\"elementor-section elementor-top-section elementor-element elementor-element-ae133a5 elementor-section-boxed elementor-section-height-default elementor-section-height-default\" data-id=\"ae133a5\" data-element_type=\"section\">\n\t\t\t\t\t\t<div class=\"elementor-container elementor-column-gap-default\">\n\t\t\t\t\t<div class=\"elementor-column elementor-col-100 elementor-top-column elementor-element elementor-element-cc046ef\" data-id=\"cc046ef\" data-element_type=\"column\">\n\t\t\t<div class=\"elementor-widget-wrap elementor-element-populated\">\n\t\t\t\t\t\t<div class=\"elementor-element elementor-element-0a6d6ed elementor-widget elementor-widget-heading\" data-id=\"0a6d6ed\" data-element_type=\"widget\" data-widget_type=\"heading.default\">\n\t\t\t\t<div class=\"elementor-widget-container\">\n\t\t\t\t\t<h2 class=\"elementor-heading-title elementor-size-default\">Other areas<br><\/h2>\t\t\t\t<\/div>\n\t\t\t\t<\/div>\n\t\t\t\t\t<\/div>\n\t\t<\/div>\n\t\t\t\t\t<\/div>\n\t\t<\/section>\n\t\t\t\t<section class=\"elementor-section elementor-top-section elementor-element elementor-element-a950afc elementor-section-content-middle animated-slow elementor-section-boxed elementor-section-height-default elementor-section-height-default elementor-invisible\" data-id=\"a950afc\" data-element_type=\"section\" data-settings=\"{&quot;animation&quot;:&quot;fadeIn&quot;}\">\n\t\t\t\t\t\t<div class=\"elementor-container elementor-column-gap-narrow\">\n\t\t\t\t\t<div class=\"elementor-column elementor-col-16 elementor-top-column elementor-element elementor-element-3dd0041 clickable\" data-id=\"3dd0041\" data-element_type=\"column\" data-settings=\"{&quot;background_background&quot;:&quot;classic&quot;,&quot;animation&quot;:&quot;none&quot;}\">\n\t\t\t<div class=\"elementor-widget-wrap elementor-element-populated\">\n\t\t\t\t\t<div class=\"elementor-background-overlay\"><\/div>\n\t\t\t\t\t\t<div class=\"elementor-element elementor-element-fb65a88 elementor-widget elementor-widget-heading\" data-id=\"fb65a88\" data-element_type=\"widget\" data-widget_type=\"heading.default\">\n\t\t\t\t<div class=\"elementor-widget-container\">\n\t\t\t\t\t<h3 class=\"elementor-heading-title elementor-size-default\"><a href=\"https:\/\/clinicaduarteportas.pt\/en\/quiropratica-gravidez\/\">Pregnancy<\/a><\/h3>\t\t\t\t<\/div>\n\t\t\t\t<\/div>\n\t\t\t\t\t<\/div>\n\t\t<\/div>\n\t\t\t\t<div class=\"elementor-column elementor-col-16 elementor-top-column elementor-element elementor-element-efa2cdc clickable\" data-id=\"efa2cdc\" data-element_type=\"column\" data-settings=\"{&quot;background_background&quot;:&quot;classic&quot;,&quot;animation&quot;:&quot;none&quot;}\">\n\t\t\t<div class=\"elementor-widget-wrap elementor-element-populated\">\n\t\t\t\t\t<div class=\"elementor-background-overlay\"><\/div>\n\t\t\t\t\t\t<div class=\"elementor-element elementor-element-5b1f050 elementor-widget elementor-widget-heading\" data-id=\"5b1f050\" data-element_type=\"widget\" data-widget_type=\"heading.default\">\n\t\t\t\t<div class=\"elementor-widget-container\">\n\t\t\t\t\t<h3 class=\"elementor-heading-title elementor-size-default\">Babies and children<\/h3>\t\t\t\t<\/div>\n\t\t\t\t<\/div>\n\t\t\t\t\t<\/div>\n\t\t<\/div>\n\t\t\t\t<div class=\"elementor-column elementor-col-16 elementor-top-column elementor-element elementor-element-1d28fb5 clickable\" data-id=\"1d28fb5\" data-element_type=\"column\" data-settings=\"{&quot;background_background&quot;:&quot;classic&quot;,&quot;animation&quot;:&quot;none&quot;}\">\n\t\t\t<div class=\"elementor-widget-wrap elementor-element-populated\">\n\t\t\t\t\t<div class=\"elementor-background-overlay\"><\/div>\n\t\t\t\t\t\t<div class=\"elementor-element elementor-element-903d2f9 elementor-widget elementor-widget-heading\" data-id=\"903d2f9\" data-element_type=\"widget\" data-widget_type=\"heading.default\">\n\t\t\t\t<div class=\"elementor-widget-container\">\n\t\t\t\t\t<h3 class=\"elementor-heading-title elementor-size-default\"><a href=\"https:\/\/clinicaduarteportas.pt\/en\/quiropratica-envelhecer-com-saude\/\">Healthy aging<\/a><\/h3>\t\t\t\t<\/div>\n\t\t\t\t<\/div>\n\t\t\t\t\t<\/div>\n\t\t<\/div>\n\t\t\t\t<div class=\"elementor-column elementor-col-16 elementor-top-column elementor-element elementor-element-278574d clickable elementor-invisible\" data-id=\"278574d\" data-element_type=\"column\" data-settings=\"{&quot;background_background&quot;:&quot;classic&quot;,&quot;animation&quot;:&quot;fadeIn&quot;}\">\n\t\t\t<div class=\"elementor-widget-wrap elementor-element-populated\">\n\t\t\t\t\t<div class=\"elementor-background-overlay\"><\/div>\n\t\t\t\t\t\t<div class=\"elementor-element elementor-element-2671df3 elementor-widget elementor-widget-heading\" data-id=\"2671df3\" data-element_type=\"widget\" data-settings=\"{&quot;_animation&quot;:&quot;none&quot;}\" data-widget_type=\"heading.default\">\n\t\t\t\t<div class=\"elementor-widget-container\">\n\t\t\t\t\t<h3 class=\"elementor-heading-title elementor-size-default\"><a href=\"https:\/\/clinicaduarteportas.pt\/en\/quiropratica-patologias\/\"><h3 data-elementor-setting-key=\"title\" data-pen-placeholder=\"Type Here...\" style=\"font-variant-ligatures: normal; font-variant-caps: normal; font-style: normal;\"><span style=\"color: rgb(255, 255, 255); font-family: Lato; font-size: 20px; font-weight: 600;\">Pathologies<\/span><span style=\"color: rgb(255, 255, 255); font-family: Lato; font-size: 20px; font-weight: 600;\"><\/span><br><\/h3><\/a><\/h3>\t\t\t\t<\/div>\n\t\t\t\t<\/div>\n\t\t\t\t\t<\/div>\n\t\t<\/div>\n\t\t\t\t<div class=\"elementor-column elementor-col-16 elementor-top-column elementor-element elementor-element-d7f0004 clickable\" data-id=\"d7f0004\" data-element_type=\"column\" data-settings=\"{&quot;background_background&quot;:&quot;classic&quot;,&quot;animation&quot;:&quot;none&quot;}\">\n\t\t\t<div class=\"elementor-widget-wrap elementor-element-populated\">\n\t\t\t\t\t<div class=\"elementor-background-overlay\"><\/div>\n\t\t\t\t\t\t<div class=\"elementor-element elementor-element-24c4fdb elementor-widget elementor-widget-heading\" data-id=\"24c4fdb\" data-element_type=\"widget\" data-widget_type=\"heading.default\">\n\t\t\t\t<div class=\"elementor-widget-container\">\n\t\t\t\t\t<h3 class=\"elementor-heading-title elementor-size-default\"><a href=\"https:\/\/clinicaduarteportas.pt\/en\/quiropratica-desporto\/\">Sports<\/a><\/h3>\t\t\t\t<\/div>\n\t\t\t\t<\/div>\n\t\t\t\t\t<\/div>\n\t\t<\/div>\n\t\t\t\t<div class=\"elementor-column elementor-col-16 elementor-top-column elementor-element elementor-element-54bc6a0 clickable\" data-id=\"54bc6a0\" data-element_type=\"column\" data-settings=\"{&quot;background_background&quot;:&quot;classic&quot;,&quot;animation&quot;:&quot;none&quot;}\">\n\t\t\t<div class=\"elementor-widget-wrap elementor-element-populated\">\n\t\t\t\t\t<div class=\"elementor-background-overlay\"><\/div>\n\t\t\t\t\t\t<div class=\"elementor-element elementor-element-fa4cbe3 elementor-widget elementor-widget-heading\" data-id=\"fa4cbe3\" data-element_type=\"widget\" data-widget_type=\"heading.default\">\n\t\t\t\t<div class=\"elementor-widget-container\">\n\t\t\t\t\t<h3 class=\"elementor-heading-title elementor-size-default\"><a href=\"https:\/\/clinicaduarteportas.pt\/en\/quiropratica-bem-estar\/\">Well-being<\/a><\/h3>\t\t\t\t<\/div>\n\t\t\t\t<\/div>\n\t\t\t\t\t<\/div>\n\t\t<\/div>\n\t\t\t\t\t<\/div>\n\t\t<\/section>\n\t\t\t\t<\/div>","protected":false},"excerpt":{"rendered":"<p>QUIROPR\u00c1TICA para Beb\u00e9s e crian\u00e7as A primeira consulta quiropr\u00e1tica pode ser realizada logo nos primeiros dias de idade do seu beb\u00e9. Desde os primeiros momentos de vida dos nossos filhos que nos preocupamos em garantir a sua sa\u00fade, bem-estar e crescimento saud\u00e1vel. Levamo-los ao pediatra, ao dentista, oftalmologista. De entre todos estes check-ups, o da [&hellip;]<\/p>","protected":false},"author":1,"featured_media":0,"parent":0,"menu_order":0,"comment_status":"closed","ping_status":"closed","template":"","meta":{"_monsterinsights_skip_tracking":false,"_monsterinsights_sitenote_active":false,"_monsterinsights_sitenote_note":"","_monsterinsights_sitenote_category":0,"ocean_post_layout":"full-screen","ocean_both_sidebars_style":"","ocean_both_sidebars_content_width":0,"ocean_both_sidebars_sidebars_width":0,"ocean_sidebar":"0","ocean_second_sidebar":"0","ocean_disable_margins":"enable","ocean_add_body_class":"","ocean_shortcode_before_top_bar":"","ocean_shortcode_after_top_bar":"","ocean_shortcode_before_header":"","ocean_shortcode_after_header":"","ocean_has_shortcode":"","ocean_shortcode_after_title":"","ocean_shortcode_before_footer_widgets":"","ocean_shortcode_after_footer_widgets":"","ocean_shortcode_before_footer_bottom":"","ocean_shortcode_after_footer_bottom":"","ocean_display_top_bar":"default","ocean_display_header":"default","ocean_header_style":"","ocean_center_header_left_menu":"0","ocean_custom_header_template":"0","ocean_custom_logo":0,"ocean_custom_retina_logo":0,"ocean_custom_logo_max_width":0,"ocean_custom_logo_tablet_max_width":0,"ocean_custom_logo_mobile_max_width":0,"ocean_custom_logo_max_height":0,"ocean_custom_logo_tablet_max_height":0,"ocean_custom_logo_mobile_max_height":0,"ocean_header_custom_menu":"0","ocean_menu_typo_font_family":"0","ocean_menu_typo_font_subset":"","ocean_menu_typo_font_size":0,"ocean_menu_typo_font_size_tablet":0,"ocean_menu_typo_font_size_mobile":0,"ocean_menu_typo_font_size_unit":"px","ocean_menu_typo_font_weight":"","ocean_menu_typo_font_weight_tablet":"","ocean_menu_typo_font_weight_mobile":"","ocean_menu_typo_transform":"","ocean_menu_typo_transform_tablet":"","ocean_menu_typo_transform_mobile":"","ocean_menu_typo_line_height":0,"ocean_menu_typo_line_height_tablet":0,"ocean_menu_typo_line_height_mobile":0,"ocean_menu_typo_line_height_unit":"","ocean_menu_typo_spacing":0,"ocean_menu_typo_spacing_tablet":0,"ocean_menu_typo_spacing_mobile":0,"ocean_menu_typo_spacing_unit":"","ocean_menu_link_color":"","ocean_menu_link_color_hover":"","ocean_menu_link_color_active":"","ocean_menu_link_background":"","ocean_menu_link_hover_background":"","ocean_menu_link_active_background":"","ocean_menu_social_links_bg":"","ocean_menu_social_hover_links_bg":"","ocean_menu_social_links_color":"","ocean_menu_social_hover_links_color":"","ocean_disable_title":"on","ocean_disable_heading":"default","ocean_post_title":"","ocean_post_subheading":"","ocean_post_title_style":"","ocean_post_title_background_color":"","ocean_post_title_background":0,"ocean_post_title_bg_image_position":"","ocean_post_title_bg_image_attachment":"","ocean_post_title_bg_image_repeat":"","ocean_post_title_bg_image_size":"","ocean_post_title_height":0,"ocean_post_title_bg_overlay":0.5,"ocean_post_title_bg_overlay_color":"","ocean_disable_breadcrumbs":"default","ocean_breadcrumbs_color":"","ocean_breadcrumbs_separator_color":"","ocean_breadcrumbs_links_color":"","ocean_breadcrumbs_links_hover_color":"","ocean_display_footer_widgets":"default","ocean_display_footer_bottom":"default","ocean_custom_footer_template":"0","footnotes":""},"class_list":["post-1551","page","type-page","status-publish","hentry","entry"],"aioseo_notices":[],"_links":{"self":[{"href":"https:\/\/clinicaduarteportas.pt\/en\/wp-json\/wp\/v2\/pages\/1551","targetHints":{"allow":["GET"]}}],"collection":[{"href":"https:\/\/clinicaduarteportas.pt\/en\/wp-json\/wp\/v2\/pages"}],"about":[{"href":"https:\/\/clinicaduarteportas.pt\/en\/wp-json\/wp\/v2\/types\/page"}],"author":[{"embeddable":true,"href":"https:\/\/clinicaduarteportas.pt\/en\/wp-json\/wp\/v2\/users\/1"}],"replies":[{"embeddable":true,"href":"https:\/\/clinicaduarteportas.pt\/en\/wp-json\/wp\/v2\/comments?post=1551"}],"version-history":[{"count":3,"href":"https:\/\/clinicaduarteportas.pt\/en\/wp-json\/wp\/v2\/pages\/1551\/revisions"}],"predecessor-version":[{"id":4131,"href":"https:\/\/clinicaduarteportas.pt\/en\/wp-json\/wp\/v2\/pages\/1551\/revisions\/4131"}],"wp:attachment":[{"href":"https:\/\/clinicaduarteportas.pt\/en\/wp-json\/wp\/v2\/media?parent=1551"}],"curies":[{"name":"wp","href":"https:\/\/api.w.org\/{rel}","templated":true}]}}